{"id":831,"date":"2021-10-08T16:12:59","date_gmt":"2021-10-08T16:12:59","guid":{"rendered":"https:\/\/xn--kemenesmagasiltalnosiskola-hfce.hu\/?page_id=831"},"modified":"2021-10-08T16:24:28","modified_gmt":"2021-10-08T16:24:28","slug":"szuloknek","status":"publish","type":"page","link":"https:\/\/xn--kemenesmagasiltalnosiskola-hfce.hu\/index.php\/szuloknek\/","title":{"rendered":"Sz\u00fcl\u0151knek"},"content":{"rendered":"<h5><span style=\"color: #ff0000;\">Jelenleg nincs \u00e9rv\u00e9nyben!<\/span><\/h5>\n<p><span style=\"color: #0000ff;\"><strong>COVID-19 ELJ\u00c1R\u00c1SREND SZ\u00dcL\u0150KNEK<\/strong><\/span><\/p>\n<h6><span style=\"color: #339966;\"><strong>\u00c9rkez\u00e9s, iskol\u00e1ban tart\u00f3zkod\u00e1s, hazamenetel szab\u00e1lyai<\/strong><\/span><\/h6>\n<ul>\n<li><strong>Az iskola ter\u00fclet\u00e9n kiz\u00e1r\u00f3lag az iskol\u00e1val tanul\u00f3i jogviszonyban \u00e1ll\u00f3 tanul\u00f3k \u00e9s az iskola dolgoz\u00f3i tart\u00f3zkodhatnak!<\/strong><\/li>\n<li>Als\u00f3s tanul\u00f3inkat sz\u00fcleik reggel a bej\u00e1ratig k\u00eds\u00e9rhetik.<\/li>\n<li>A tan\u00edt\u00e1si nap v\u00e9g\u00e9n (16<sup>00<\/sup>-kor) az als\u00f3s tanul\u00f3kat a pedag\u00f3gusok a kapuig k\u00eds\u00e9rik, sz\u00fcl\u0151knek az iskola ter\u00fclet\u00e9re bel\u00e9pni TILOS! A Geszteny\u00e9s parkban v\u00e1rakozhatnak.<\/li>\n<li>Amennyiben <strong>gyermek\u00e9t 16:00 \u00f3ra el\u0151tt szeretn\u00e9 elvinni<\/strong> az iskol\u00e1b\u00f3l, ezt k\u00e9rj\u00fck, hogy a tanul\u00f3t tan\u00edt\u00f3 <strong>pedag\u00f3gusokkal egyeztetett m\u00f3don el\u0151re jelezze<\/strong> (pl. \u00fczen\u0151f\u00fczet, KR\u00c9TA, facebookos oszt\u00e1lycsoport, stb.). Gyermek\u00e9t az egyeztetett id\u0151pontra az iskola Geszteny\u00e9sre ny\u00edl\u00f3 kapuj\u00e1hoz k\u00eds\u00e9rj\u00fck \u00e9s a sz\u00fcl\u0151nek \u00e1tadjuk (illetve fels\u0151s tanul\u00f3 eset\u00e9ben elengedj\u00fck). <strong>Sz\u00fcl\u0151knek a bel\u00e9p\u00e9s ebben az esetben is TILOS!<\/strong><\/li>\n<li><strong>Bej\u00e1r\u00f3 tanul\u00f3inknak a Vol\u00e1nbusz illetve az iskolabusz j\u00e1ratain k\u00f6telez\u0151 a maszkvisel\u00e9s!<\/strong> Lehet\u0151s\u00e9g szerint mindenkin\u00e9l legyen k\u00e9zfert\u0151tlen\u00edt\u0151 is!<\/li>\n<\/ul>\n<h6><span style=\"color: #339966;\"><strong>\u00dcgyint\u00e9z\u00e9s szab\u00e1lyai:<\/strong><\/span><\/h6>\n<ul>\n<li><strong>\u00dcgyint\u00e9z\u00e9s c\u00e9lj\u00e1b\u00f3l el\u0151re egyeztetett id\u0151pontban az iskola ter\u00fclet\u00e9re \u00e9rkez\u0151 sz\u00fcl\u0151k \u00e9s egy\u00e9b szem\u00e9lyek sz\u00e1m\u00e1ra az iskola teljes ter\u00fclet\u00e9n maszkvisel\u00e9s \u00e9s k\u00e9zfert\u0151tlen\u00edt\u00e9s k\u00f6telez\u0151!<\/strong><\/li>\n<li>\u00dcgyint\u00e9z\u00e9s c\u00e9lj\u00e1b\u00f3l \u00e9rkez\u0151 sz\u00fcl\u0151 kiz\u00e1r\u00f3lag <strong>az igazgat\u00f3i iroda el\u0151tti folyos\u00f3n maszkban v\u00e1rakozhat!<\/strong><\/li>\n<li>\u00dcgyint\u00e9z\u00e9si sz\u00e1nd\u00e9k\u00e1t lehet\u0151s\u00e9g szerint <strong>telefonon sz\u00edveskedjen egyeztetni <\/strong>az iskolatitk\u00e1rral a k\u00f6vetkez\u0151 telefonsz\u00e1mon:<\/li>\n<\/ul>\n<p><strong>06-30\/195-80-35<\/strong><\/p>\n<ul>\n<li><strong>K\u00e9rj\u00fck, r\u00e9szes\u00edts\u00e9k el\u0151nyben a telefonos illetve az online \u00fcgyint\u00e9z\u00e9st!<\/strong>&nbsp; &nbsp; &nbsp; &nbsp; &nbsp; &nbsp; &nbsp; &nbsp; &nbsp; &nbsp; &nbsp; &nbsp; &nbsp; &nbsp; &nbsp; &nbsp; &nbsp; &nbsp; &nbsp; &nbsp; &nbsp; &nbsp; &nbsp; &nbsp; &nbsp; &nbsp; &nbsp; &nbsp; &nbsp;&nbsp;<\/li>\n<\/ul>\n<h6><span style=\"color: #339966;\"><strong>Tanul\u00f3k eg\u00e9szs\u00e9gi \u00e1llapota, hi\u00e1nyz\u00e1sok igazol\u00e1sa:<\/strong><\/span><\/h6>\n<ul>\n<li><strong>Az iskol\u00e1t kiz\u00e1r\u00f3lag eg\u00e9szs\u00e9ges, t\u00fcneteket nem mutat\u00f3 tanul\u00f3 l\u00e1togathatja<\/strong>, ez\u00e9rt k\u00e9rj\u00fck, hogy gyermek\u00e9t csak eg\u00e9szs\u00e9gesen hozza, k\u00fcldje iskol\u00e1ba!<\/li>\n<li><strong>Ha gyermek\u00e9n betegs\u00e9g t\u00fcneteit \u00e9szleli, vegye fel a gyermek h\u00e1ziorvos\u00e1val a kapcsolatot<\/strong>, aki a tov\u00e1bbi teend\u0151kr\u0151l t\u00e1j\u00e9koztatja! A gyermek hi\u00e1nyz\u00e1s\u00e1t jelezze az iskola fel\u00e9 telefonon!<\/li>\n<li><strong>Ha gyermek\u00e9n napk\u00f6zben az iskol\u00e1ban betegs\u00e9g t\u00fcneteit \u00e9szlelj\u00fck:<\/strong>\n<ul>\n<li>azonnal \u00e9rtes\u00edtj\u00fck \u00d6nt err\u0151l,<\/li>\n<li>\u00e9s gyermek\u00e9t a t\u00f6bbi gyermekt\u0151l elk\u00fcl\u00f6n\u00edtj\u00fck az \u00d6n meg\u00e9rkez\u00e9s\u00e9ig.<\/li>\n<li>K\u00e9rj\u00fck, hogy ebben az esetben a legr\u00f6videbb id\u0151n bel\u00fcl vigye el gyermek\u00e9t az int\u00e9zm\u00e9nyb\u0151l \u00e9s vegye fel a gyermek h\u00e1ziorvos\u00e1val a kapcsolatot, aki a tov\u00e1bbi teend\u0151kr\u0151l t\u00e1j\u00e9koztatja!<\/li>\n<\/ul>\n<\/li>\n<li>Mindk\u00e9t esetben <strong>csak gy\u00f3gyultan, orvosi igazol\u00e1ssal hozhatja gyermek\u00e9t \u00fajra iskol\u00e1ba!<\/strong><\/li>\n<li>Ha gyermek\u00e9nek egy\u00e9b betegs\u00e9ge van (allergia, asztma, stb.), k\u00e9rj\u00fck, az oszt\u00e1lyf\u0151n\u00f6k fel\u00e9 jelezni!<\/li>\n<li><strong>\u00d6n k\u00f6teles az iskol\u00e1t \u00e9rtes\u00edteni, ha<\/strong>\n<ul>\n<li>a gyermekn\u00e9l vagy a csal\u00e1dban koronav\u00edrus-gyan\u00fa,<\/li>\n<li>igazolt fert\u0151z\u00e9s,<\/li>\n<li>vagy hat\u00f3s\u00e1gi karant\u00e9n van.<\/li>\n<\/ul>\n<\/li>\n<li><strong>Igazolt hi\u00e1nyz\u00e1snak tekintj\u00fck gyermek\u00e9nek hi\u00e1nyz\u00e1s\u00e1t<\/strong>:\n<ul>\n<li>ha a v\u00edrusfert\u0151z\u00e9s szempontj\u00e1b\u00f3l vesz\u00e9lyeztetett csoportba tartozik tart\u00f3s betegs\u00e9ge miatt, err\u0151l orvosi igazol\u00e1ssal rendelkezik, \u00e9s azt bemutatja.<\/li>\n<li>ha a gyermek, a tanul\u00f3 hat\u00f3s\u00e1gi karant\u00e9nba ker\u00fcl &#8211; a r\u00e9sz\u00e9re el\u0151\u00edrt karant\u00e9n id\u0151szak\u00e1ra.<\/li>\n<\/ul>\n<\/li>\n<li>Ezen id\u0151szakban a tanul\u00f3 az otthona elhagy\u00e1sa n\u00e9lk\u00fcl, a pedag\u00f3gusokkal egyeztetett kapcsolattart\u00e1si \u00e9s sz\u00e1monk\u00e9r\u00e9si forma mellett vesz r\u00e9szt az oktat\u00e1sban (t\u00e1voktat\u00e1s).<\/li>\n<li>Minden egy\u00e9b esetben az iskola h\u00e1zirendj\u00e9ben foglaltak az ir\u00e1nyad\u00f3k.<\/li>\n<\/ul>\n<p>Gyermek<strong>, a tanul\u00f3 t\u00e1volmarad\u00e1s\u00e1val kapcsolatos valamennyi szab\u00e1ly a nevel\u00e9si-oktat\u00e1si int\u00e9zm\u00e9nyek m\u0171k\u00f6d\u00e9s\u00e9r\u0151l \u00e9s a k\u00f6znevel\u00e9si int\u00e9zm\u00e9nyek n\u00e9vhaszn\u00e1lat\u00e1r\u00f3l sz\u00f3l\u00f3 20\/2012. (VIII. 31.) EMMI rendeletben foglaltak szerint \u00e9rv\u00e9nyes,<\/strong> azok betart\u00e1sa szerint sz\u00fcks\u00e9ges elj\u00e1rni.<\/p>\n<p>Vagyis: <strong>Ha a gyermek, a tanul\u00f3 t\u00e1volmarad\u00e1s\u00e1t nem igazolj\u00e1k, a mulaszt\u00e1sa igazolatlan. <\/strong>Az igazolatlan mulaszt\u00e1sokat jelezn\u00fcnk kell a rendeletben megadott szervek, hat\u00f3s\u00e1gok fel\u00e9!<\/p>\n<p>Tisztelettel k\u00e9rem a fentiek tudom\u00e1sul v\u00e9tel\u00e9t \u00e9s betart\u00e1s\u00e1t! Ebben a neh\u00e9z helyzetben k\u00f6z\u00f6s c\u00e9lunk a gyerekek, csal\u00e1dok eg\u00e9szs\u00e9g\u00e9nek v\u00e9delme!<\/p>\n","protected":false},"excerpt":{"rendered":"<p>Jelenleg nincs \u00e9rv\u00e9nyben! COVID-19 ELJ\u00c1R\u00c1SREND SZ\u00dcL\u0150KNEK \u00c9rkez\u00e9s, iskol\u00e1ban tart\u00f3zkod\u00e1s, hazamenetel szab\u00e1lyai Az iskola ter\u00fclet\u00e9n kiz\u00e1r\u00f3lag az iskol\u00e1val tanul\u00f3i jogviszonyban \u00e1ll\u00f3 tanul\u00f3k \u00e9s az iskola dolgoz\u00f3i tart\u00f3zkodhatnak! Als\u00f3s tanul\u00f3inkat sz\u00fcleik reggel a bej\u00e1ratig k\u00eds\u00e9rhetik. A tan\u00edt\u00e1si nap v\u00e9g\u00e9n (1600-kor) az als\u00f3s tanul\u00f3kat a pedag\u00f3gusok a kapuig k\u00eds\u00e9rik, sz\u00fcl\u0151knek az iskola ter\u00fclet\u00e9re bel\u00e9pni TILOS! A Geszteny\u00e9s parkban&#8230;<\/p>\n<p class=\"more-link-wrap\"><a href=\"https:\/\/xn--kemenesmagasiltalnosiskola-hfce.hu\/index.php\/szuloknek\/\" class=\"more-link\">Tov\u00e1bb<span class=\"screen-reader-text\"> &ldquo;Sz\u00fcl\u0151knek&rdquo;<\/span> &raquo;<\/a><\/p>\n","protected":false},"author":1,"featured_media":0,"parent":0,"menu_order":0,"comment_status":"closed","ping_status":"closed","template":"","meta":{"ngg_post_thumbnail":0,"footnotes":""},"class_list":["post-831","page","type-page","status-publish","hentry"],"_links":{"self":[{"href":"https:\/\/xn--kemenesmagasiltalnosiskola-hfce.hu\/index.php\/wp-json\/wp\/v2\/pages\/831","targetHints":{"allow":["GET"]}}],"collection":[{"href":"https:\/\/xn--kemenesmagasiltalnosiskola-hfce.hu\/index.php\/wp-json\/wp\/v2\/pages"}],"about":[{"href":"https:\/\/xn--kemenesmagasiltalnosiskola-hfce.hu\/index.php\/wp-json\/wp\/v2\/types\/page"}],"author":[{"embeddable":true,"href":"https:\/\/xn--kemenesmagasiltalnosiskola-hfce.hu\/index.php\/wp-json\/wp\/v2\/users\/1"}],"replies":[{"embeddable":true,"href":"https:\/\/xn--kemenesmagasiltalnosiskola-hfce.hu\/index.php\/wp-json\/wp\/v2\/comments?post=831"}],"version-history":[{"count":4,"href":"https:\/\/xn--kemenesmagasiltalnosiskola-hfce.hu\/index.php\/wp-json\/wp\/v2\/pages\/831\/revisions"}],"predecessor-version":[{"id":846,"href":"https:\/\/xn--kemenesmagasiltalnosiskola-hfce.hu\/index.php\/wp-json\/wp\/v2\/pages\/831\/revisions\/846"}],"wp:attachment":[{"href":"https:\/\/xn--kemenesmagasiltalnosiskola-hfce.hu\/index.php\/wp-json\/wp\/v2\/media?parent=831"}],"curies":[{"name":"wp","href":"https:\/\/api.w.org\/{rel}","templated":true}]}}