{"id":817,"date":"2021-10-08T16:07:25","date_gmt":"2021-10-08T16:07:25","guid":{"rendered":"https:\/\/xn--kemenesmagasiltalnosiskola-hfce.hu\/?page_id=817"},"modified":"2022-03-14T13:54:51","modified_gmt":"2022-03-14T13:54:51","slug":"jelenlegi-helyzet","status":"publish","type":"page","link":"https:\/\/xn--kemenesmagasiltalnosiskola-hfce.hu\/index.php\/jelenlegi-helyzet\/","title":{"rendered":"Jelenlegi helyzet"},"content":{"rendered":"<h5>Fert\u0151z\u00f6tt tanul\u00f3k sz\u00e1ma: 0<\/h5>\n<h5>Fert\u0151z\u00f6tt pedag\u00f3gusok sz\u00e1ma: 0<\/h5>\n<h5>Karant\u00e9nban l\u00e9v\u0151 tanul\u00f3k sz\u00e1ma: 0<\/h5>\n<h5>Karant\u00e9nban l\u00e9v\u0151 pedag\u00f3gusok sz\u00e1ma: 0<\/h5>\n","protected":false},"excerpt":{"rendered":"<p>Fert\u0151z\u00f6tt tanul\u00f3k sz\u00e1ma: 0 Fert\u0151z\u00f6tt pedag\u00f3gusok sz\u00e1ma: 0 Karant\u00e9nban l\u00e9v\u0151 tanul\u00f3k sz\u00e1ma: 0 Karant\u00e9nban l\u00e9v\u0151 pedag\u00f3gusok sz\u00e1ma: 0<\/p>\n","protected":false},"author":1,"featured_media":0,"parent":0,"menu_order":0,"comment_status":"closed","ping_status":"closed","template":"","meta":{"ngg_post_thumbnail":0,"footnotes":""},"class_list":["post-817","page","type-page","status-publish","hentry"],"_links":{"self":[{"href":"https:\/\/xn--kemenesmagasiltalnosiskola-hfce.hu\/index.php\/wp-json\/wp\/v2\/pages\/817","targetHints":{"allow":["GET"]}}],"collection":[{"href":"https:\/\/xn--kemenesmagasiltalnosiskola-hfce.hu\/index.php\/wp-json\/wp\/v2\/pages"}],"about":[{"href":"https:\/\/xn--kemenesmagasiltalnosiskola-hfce.hu\/index.php\/wp-json\/wp\/v2\/types\/page"}],"author":[{"embeddable":true,"href":"https:\/\/xn--kemenesmagasiltalnosiskola-hfce.hu\/index.php\/wp-json\/wp\/v2\/users\/1"}],"replies":[{"embeddable":true,"href":"https:\/\/xn--kemenesmagasiltalnosiskola-hfce.hu\/index.php\/wp-json\/wp\/v2\/comments?post=817"}],"version-history":[{"count":20,"href":"https:\/\/xn--kemenesmagasiltalnosiskola-hfce.hu\/index.php\/wp-json\/wp\/v2\/pages\/817\/revisions"}],"predecessor-version":[{"id":1171,"href":"https:\/\/xn--kemenesmagasiltalnosiskola-hfce.hu\/index.php\/wp-json\/wp\/v2\/pages\/817\/revisions\/1171"}],"wp:attachment":[{"href":"https:\/\/xn--kemenesmagasiltalnosiskola-hfce.hu\/index.php\/wp-json\/wp\/v2\/media?parent=817"}],"curies":[{"name":"wp","href":"https:\/\/api.w.org\/{rel}","templated":true}]}}