{"id":652,"date":"2021-10-04T19:21:42","date_gmt":"2021-10-04T19:21:42","guid":{"rendered":"https:\/\/xn--kemenesmagasiltalnosiskola-hfce.hu\/?page_id=652"},"modified":"2021-10-05T13:03:45","modified_gmt":"2021-10-05T13:03:45","slug":"fenntarto-ertekelese-megallapitasai-asz-ellenorzes","status":"publish","type":"page","link":"https:\/\/xn--kemenesmagasiltalnosiskola-hfce.hu\/index.php\/fenntarto-ertekelese-megallapitasai-asz-ellenorzes\/","title":{"rendered":"Fenntart\u00f3 \u00e9rt\u00e9kel\u00e9se, meg\u00e1llap\u00edt\u00e1sai; \u00c1SZ ellen\u0151rz\u00e9s"},"content":{"rendered":"<p>Int\u00e9zm\u00e9nyi tanfel\u00fcgyelet (2017.szeptember 21.) \u00e9rt\u00e9kel\u00e9se<\/p>\n<ol>\n<li><strong>Pedag\u00f3giai folyamatok<\/strong><\/li>\n<\/ol>\n<p>A kompetencia \u00e9rt\u00e9kel\u00e9se:<\/p>\n<p>Fejleszthet\u0151 ter\u00fcletek:<\/p>\n<p>Az int\u00e9zm\u00e9ny dokumentumai, az int\u00e9zm\u00e9ny m\u0171k\u00f6d\u00e9s\u00e9t befoly\u00e1sol\u00f3 m\u00e9r\u00e9si, demogr\u00e1fiai, \u00e9s m\u00e1s adatok gy\u0171jt\u00e9se, feldolgoz\u00e1sa sor\u00e1n t\u00f6rekedni kell a legt\u00f6bb dolgoz\u00f3 bevon\u00e1s\u00e1ra.<\/p>\n<p>Kiemelked\u0151 ter\u00fcletek:<\/p>\n<p>Az int\u00e9zm\u00e9ny \u00e9rt\u00e9kel\u0151 tev\u00e9kenys\u00e9ge tanul\u00e1s- \u00e9s tanul\u00f3k\u00f6zpont\u00fa, amely hat\u00e9konyan seg\u00edti az egyes tanul\u00f3k szem\u00e9lyes fejl\u0151d\u00e9s\u00e9t. A pedag\u00f3giai folyamatok tervez\u00e9s\u00e9t m\u00f3dszertani gazdags\u00e1g jellemzi. Folyamatosan elemzik \u00e9s \u00e9rt\u00e9kelik felk\u00e9sz\u00fclts\u00e9g\u00fcknek min\u0151s\u00e9g\u00e9t, hogy a tervez\u00e9s sor\u00e1n megfelel\u0151 m\u00e9rt\u00e9kben vett\u00e9k-e figyelembe az oktat\u00e1st befoly\u00e1sol\u00f3 v\u00e1rhat\u00f3 felt\u00e9teleket.<\/p>\n<ol start=\"2\">\n<li><strong>Szem\u00e9lyis\u00e9g- \u00e9s k\u00f6z\u00f6ss\u00e9gfejleszt\u00e9s<\/strong><\/li>\n<\/ol>\n<p>A kompetencia \u00e9rt\u00e9kel\u00e9se:<\/p>\n<p>Fejleszthet\u0151 ter\u00fcletek:<\/p>\n<p>A tanul\u00f3k szem\u00e9lyes \u00e9s szoci\u00e1lis k\u00e9pess\u00e9geinek fejleszt\u00e9s\u00e9re kialakult gyakorlat j\u00f3. Az eszk\u00f6zt\u00e1r fejleszthet\u0151.<\/p>\n<p>Kiemelked\u0151 ter\u00fcletek:<\/p>\n<p>A sz\u00fcl\u0151k \u00e9s a tanul\u00f3k rendk\u00edv\u00fcl el\u00e9gedettek a strat\u00e9giai programokban \u00e9s az operat\u00edv tervekben szerepl\u0151 k\u00f6z\u00f6ss\u00e9gfejleszt\u00e9si feladatok megval\u00f3s\u00edt\u00e1s\u00e1val.<\/p>\n<ol start=\"3\">\n<li><strong>Eredm\u00e9nyek<\/strong><\/li>\n<\/ol>\n<p>A kompetencia \u00e9rt\u00e9kel\u00e9se:<\/p>\n<p>Fejleszthet\u0151 ter\u00fcletek:<\/p>\n<p>Az int\u00e9zm\u00e9ny partnereinek bevon\u00e1s\u00e1val t\u00f6rt\u00e9nik meg az int\u00e9zm\u00e9nyi m\u0171k\u00f6d\u00e9s szempontj\u00e1b\u00f3l kulcsfontoss\u00e1g\u00fa sikert\u00e9nyez\u0151 indik\u00e1torok azonos\u00edt\u00e1sa.<\/p>\n<p>Kiemelked\u0151 ter\u00fcletek:<\/p>\n<p>Az int\u00e9zm\u00e9ny nevel\u00e9si \u00e9s oktat\u00e1si c\u00e9lrendszer\u00e9hez kapcsol\u00f3d\u00f3an kiemelt t\u00e1rgyak oktat\u00e1sa eredm\u00e9nyes, amely m\u00e9rhet\u0151 m\u00f3don is dokument\u00e1lhat\u00f3.<\/p>\n<ol start=\"4\">\n<li><strong>Bels\u0151 kapcsolatok, egy\u00fcttm\u0171k\u00f6d\u00e9s, kommunik\u00e1ci\u00f3 <\/strong><\/li>\n<\/ol>\n<p>A kompetencia \u00e9rt\u00e9kel\u00e9se:<\/p>\n<p>Fejleszthet\u0151 ter\u00fcletek:<\/p>\n<p>Az int\u00e9zm\u00e9ny \u00e9l az inform\u00e1ci\u00f3\u00e1tad\u00e1s sz\u00f3beli, \u00e9s pap\u00edralap\u00fa eszk\u00f6zeivel. A digit\u00e1lis kommunik\u00e1ci\u00f3 fejleszthet\u0151.<\/p>\n<p>Kiemelked\u0151 ter\u00fcletek:<\/p>\n<p>A tanul\u00f3k nevel\u00e9se-oktat\u00e1sa \u00e9rdek\u00e9ben a szakmai k\u00f6z\u00f6ss\u00e9gek tev\u00e9kenys\u00e9g\u00e9n t\u00fal a pedag\u00f3gusok kezdem\u00e9nyez\u0151en egy\u00fcttm\u0171k\u00f6dnek egym\u00e1ssal \u00e9s a pedag\u00f3giai munk\u00e1t seg\u00edt\u0151 szakemberekkel a felmer\u00fcl\u0151 probl\u00e9m\u00e1k megold\u00e1s\u00e1ban.<\/p>\n<ol start=\"5\">\n<li><strong>Az int\u00e9zm\u00e9ny k\u00fcls\u0151 kapcsolatai<\/strong><\/li>\n<\/ol>\n<p>A kompetencia \u00e9rt\u00e9kel\u00e9se:<\/p>\n<p>Fejleszthet\u0151 ter\u00fcletek:<\/p>\n<p>Az inform\u00e1ci\u00f3\u00e1tad\u00e1s digit\u00e1lis form\u00e1ja. Az iskola honlapj\u00e1nak friss\u00edt\u00e9se.<\/p>\n<p>Kiemelked\u0151 ter\u00fcletek:<\/p>\n<p>Az int\u00e9zm\u00e9ny a helyben szok\u00e1sos m\u00f3don t\u00e1j\u00e9koztatja k\u00fcls\u0151 partereit.<\/p>\n<ol start=\"6\">\n<li><strong>A pedag\u00f3giai munka felt\u00e9telei<\/strong><\/li>\n<\/ol>\n<p>A kompetencia \u00e9rt\u00e9kel\u00e9se:<\/p>\n<p>Fejleszthet\u0151 ter\u00fcletek:<\/p>\n<p>A pedag\u00f3giai munka sor\u00e1n c\u00e9lszer\u0171en felhaszn\u00e1lt IKT eszk\u00f6z\u00f6k \u00e9s a haszn\u00e1latukhoz sz\u00fcks\u00e9ges ismeretek.<\/p>\n<p>Kiemelked\u0151 ter\u00fcletek:<\/p>\n<p>Az int\u00e9zm\u00e9ny alkalmazotti k\u00f6z\u00f6ss\u00e9g\u00e9nek munk\u00e1j\u00e1ra, egy\u00fcttm\u0171k\u00f6d\u00e9s\u00e9re a magas szint\u0171 bels\u0151 ig\u00e9nyess\u00e9g, hat\u00e9konys\u00e1g jellemz\u0151.<\/p>\n<ol start=\"7\">\n<li><strong>A Korm\u00e1ny \u00e9s az oktat\u00e1s\u00e9rt felel\u0151s miniszter \u00e1ltal kiadott tantervi szab\u00e1lyoz\u00f3 dokumentumban megfogalmazott elv\u00e1r\u00e1soknak \u00e9s a pedag\u00f3giai programban megfogalmazott c\u00e9loknak val\u00f3 megfelel\u00e9s <\/strong><\/li>\n<\/ol>\n<p>A kompetencia \u00e9rt\u00e9kel\u00e9se:<\/p>\n<p>Fejleszthet\u0151 ter\u00fcletek:<\/p>\n<p>A dokumentumok nyilv\u00e1noss\u00e1g\u00e1nak biztos\u00edt\u00e1sa az iskola honlapj\u00e1n.<\/p>\n<p>Kiemelked\u0151 ter\u00fcletek:<\/p>\n<p>A tervekben (\u00e9ves munkaterv, tov\u00e1bbk\u00e9pz\u00e9si terv, \u00f6t\u00e9ves int\u00e9zked\u00e9si terv) j\u00f3l k\u00f6vethet\u0151k a pedag\u00f3giai program kiemelt c\u00e9ljaira vonatkoz\u00f3 r\u00e9szc\u00e9lok, feladatok, felel\u0151s\u00f6k, a megval\u00f3sul\u00e1st jelz\u0151 eredm\u00e9nymutat\u00f3k.<\/p>\n<p>&nbsp;<\/p>\n<p><strong>&nbsp;<\/strong><\/p>\n<p><strong>A k\u00f6znevel\u00e9si alapfeladattal kapcsolatos &#8211; nyilv\u00e1nos meg\u00e1llap\u00edt\u00e1sokat tartalmaz\u00f3 &#8211; vizsg\u00e1latok, ellen\u0151rz\u00e9sek felsorol\u00e1sa, ideje, az \u00c1llami Sz\u00e1mvev\u0151sz\u00e9k ellen\u0151rz\u00e9seinek nyilv\u00e1nos meg\u00e1llap\u00edt\u00e1sai, egy\u00e9b ellen\u0151rz\u00e9sek, vizsg\u00e1latok nyilv\u00e1nos meg\u00e1llap\u00edt\u00e1sai:<\/strong><\/p>\n<p>&nbsp;&nbsp;&nbsp;&nbsp;&nbsp;&nbsp;&nbsp;&nbsp;&nbsp; Ellen\u0151rz\u0151 szerv&nbsp;&nbsp;&nbsp;&nbsp;&nbsp;&nbsp;&nbsp;&nbsp;&nbsp;&nbsp;&nbsp;&nbsp;&nbsp;&nbsp;&nbsp;&nbsp;&nbsp;&nbsp;&nbsp;&nbsp;&nbsp;&nbsp;&nbsp;&nbsp;&nbsp;&nbsp;&nbsp;&nbsp;&nbsp;&nbsp;&nbsp; Kezd\u0151 d\u00e1tum V\u00e9g d\u00e1tum&nbsp;&nbsp;&nbsp;&nbsp;&nbsp;&nbsp; T\u00edpusa<\/p>\n<p>&nbsp;&nbsp;&nbsp;&nbsp;&nbsp;&nbsp;&nbsp;&nbsp;&nbsp; Vas Megyei Korm\u00e1nyhivatal&nbsp;&nbsp;&nbsp;&nbsp;&nbsp;&nbsp;&nbsp;&nbsp;&nbsp;&nbsp;&nbsp;&nbsp; 2017. 07. 27.&nbsp;&nbsp;&nbsp;&nbsp; 2017. 07. 27.&nbsp;&nbsp;&nbsp; Hat\u00f3s\u00e1gi ellen\u0151rz\u00e9s<\/p>\n<p><strong>&nbsp;<\/strong><\/p>\n","protected":false},"excerpt":{"rendered":"<p>Int\u00e9zm\u00e9nyi tanfel\u00fcgyelet (2017.szeptember 21.) \u00e9rt\u00e9kel\u00e9se Pedag\u00f3giai folyamatok A kompetencia \u00e9rt\u00e9kel\u00e9se: Fejleszthet\u0151 ter\u00fcletek: Az int\u00e9zm\u00e9ny dokumentumai, az int\u00e9zm\u00e9ny m\u0171k\u00f6d\u00e9s\u00e9t befoly\u00e1sol\u00f3 m\u00e9r\u00e9si, demogr\u00e1fiai, \u00e9s m\u00e1s adatok gy\u0171jt\u00e9se, feldolgoz\u00e1sa sor\u00e1n t\u00f6rekedni kell a legt\u00f6bb dolgoz\u00f3 bevon\u00e1s\u00e1ra. Kiemelked\u0151 ter\u00fcletek: Az int\u00e9zm\u00e9ny \u00e9rt\u00e9kel\u0151 tev\u00e9kenys\u00e9ge tanul\u00e1s- \u00e9s tanul\u00f3k\u00f6zpont\u00fa, amely hat\u00e9konyan seg\u00edti az egyes tanul\u00f3k szem\u00e9lyes fejl\u0151d\u00e9s\u00e9t. A pedag\u00f3giai folyamatok tervez\u00e9s\u00e9t m\u00f3dszertani&#8230;<\/p>\n<p class=\"more-link-wrap\"><a href=\"https:\/\/xn--kemenesmagasiltalnosiskola-hfce.hu\/index.php\/fenntarto-ertekelese-megallapitasai-asz-ellenorzes\/\" class=\"more-link\">Tov\u00e1bb<span class=\"screen-reader-text\"> &ldquo;Fenntart\u00f3 \u00e9rt\u00e9kel\u00e9se, meg\u00e1llap\u00edt\u00e1sai; \u00c1SZ ellen\u0151rz\u00e9s&rdquo;<\/span> &raquo;<\/a><\/p>\n","protected":false},"author":1,"featured_media":0,"parent":0,"menu_order":0,"comment_status":"closed","ping_status":"closed","template":"","meta":{"ngg_post_thumbnail":0,"footnotes":""},"class_list":["post-652","page","type-page","status-publish","hentry"],"_links":{"self":[{"href":"https:\/\/xn--kemenesmagasiltalnosiskola-hfce.hu\/index.php\/wp-json\/wp\/v2\/pages\/652","targetHints":{"allow":["GET"]}}],"collection":[{"href":"https:\/\/xn--kemenesmagasiltalnosiskola-hfce.hu\/index.php\/wp-json\/wp\/v2\/pages"}],"about":[{"href":"https:\/\/xn--kemenesmagasiltalnosiskola-hfce.hu\/index.php\/wp-json\/wp\/v2\/types\/page"}],"author":[{"embeddable":true,"href":"https:\/\/xn--kemenesmagasiltalnosiskola-hfce.hu\/index.php\/wp-json\/wp\/v2\/users\/1"}],"replies":[{"embeddable":true,"href":"https:\/\/xn--kemenesmagasiltalnosiskola-hfce.hu\/index.php\/wp-json\/wp\/v2\/comments?post=652"}],"version-history":[{"count":3,"href":"https:\/\/xn--kemenesmagasiltalnosiskola-hfce.hu\/index.php\/wp-json\/wp\/v2\/pages\/652\/revisions"}],"predecessor-version":[{"id":704,"href":"https:\/\/xn--kemenesmagasiltalnosiskola-hfce.hu\/index.php\/wp-json\/wp\/v2\/pages\/652\/revisions\/704"}],"wp:attachment":[{"href":"https:\/\/xn--kemenesmagasiltalnosiskola-hfce.hu\/index.php\/wp-json\/wp\/v2\/media?parent=652"}],"curies":[{"name":"wp","href":"https:\/\/api.w.org\/{rel}","templated":true}]}}