{"id":632,"date":"2021-10-04T19:12:48","date_gmt":"2021-10-04T19:12:48","guid":{"rendered":"https:\/\/xn--kemenesmagasiltalnosiskola-hfce.hu\/?page_id=632"},"modified":"2021-10-04T19:33:51","modified_gmt":"2021-10-04T19:33:51","slug":"vizsgak-osztalyozo-vizsgak","status":"publish","type":"page","link":"https:\/\/xn--kemenesmagasiltalnosiskola-hfce.hu\/index.php\/vizsgak-osztalyozo-vizsgak\/","title":{"rendered":"Vizsg\u00e1k, oszt\u00e1lyoz\u00f3 vizsg\u00e1k"},"content":{"rendered":"<p><span style=\"color: #ff0000;\"><strong>Az oszt\u00e1lyoz\u00f3 vizsga tant\u00e1rgyank\u00e9nti, \u00e9vfolyamonk\u00e9nti k\u00f6vetelm\u00e9nyei, a tanulm\u00e1nyok alatti vizsg\u00e1k tervezett ideje:<\/strong><\/span><\/p>\n<p>Iskol\u00e1nkban a k\u00f6vetkez\u0151 t\u00edpus\u00fa vizsg\u00e1k fordulhatnak el\u0151:<\/p>\n<p><span style=\"color: #99cc00;\">Oszt\u00e1lyoz\u00f3 vizsga:<\/span> az \u00e9vfolyam teljes anyag\u00e1b\u00f3l vagy egyes tant\u00e1rgyakb\u00f3l tehet\u0151 iskolai vizsga, amelyre mag\u00e1ntanul\u00f3k, hi\u00e1nyz\u00e1suk miatt nem oszt\u00e1lyozhat\u00f3 tanul\u00f3k, valamely tant\u00e1rgyb\u00f3l egy\u00e9ni felk\u00e9sz\u00fcl\u00e9st folytat\u00f3 tanul\u00f3k jelentkezhetnek. T\u00f6bb \u00e9vfolyam anyag\u00e1b\u00f3l \u00f6sszevont vizsga is tehet\u0151. Ez esetben minden \u00e9vfolyamot k\u00fcl\u00f6n oszt\u00e1lyzattal kell z\u00e1rni.<\/p>\n<p>Oszt\u00e1lyoz\u00f3 vizsg\u00e1t kell tennie a tanul\u00f3nak a f\u00e9l\u00e9vi \u00e9s a tan\u00e9v v\u00e9gi oszt\u00e1lyzat meg\u00e1llap\u00edt\u00e1s\u00e1hoz, ha<\/p>\n<ul>\n<li>a tan\u00f3rai foglalkoz\u00e1sokon val\u00f3 r\u00e9szv\u00e9tel al\u00f3l fel volt mentve,<\/li>\n<li>enged\u00e9ly alapj\u00e1n egy vagy t\u00f6bb tant\u00e1rgy tanulm\u00e1nyi k\u00f6vetelm\u00e9ny\u00e9nek egy tan\u00e9vben vagy az el\u0151\u00edrtn\u00e1l r\u00f6videbb id\u0151 alatt tehet eleget,<\/li>\n<li>ha a tanul\u00f3nak egy tan\u00edt\u00e1si \u00e9vben az igazolt \u00e9s igazolatlan mulaszt\u00e1sa egy\u00fcttesen a k\u00e9tsz\u00e1z\u00f6tven tan\u00edt\u00e1si \u00f3r\u00e1t meghaladja, \u00e9s a nevel\u0151test\u00fclet d\u00f6nt\u00e9se alapj\u00e1n oszt\u00e1lyoz\u00f3 vizsg\u00e1t tehet,<\/li>\n<li>ha a tanul\u00f3nak egy tan\u00edt\u00e1si \u00e9vben az igazolt \u00e9s igazolatlan mulaszt\u00e1sa egy\u00fcttesen egy adott tant\u00e1rgyb\u00f3l a tan\u00edt\u00e1si \u00f3r\u00e1k harmincsz\u00e1zal\u00e9k\u00e1t meghaladja, \u00e9s a nevel\u0151test\u00fclet d\u00f6nt\u00e9se alapj\u00e1n oszt\u00e1lyoz\u00f3 vizsg\u00e1t tehet.<\/li>\n<\/ul>\n<p>Bizotts\u00e1g el\u0151tti vizsga.<strong style=\"font-size: 1.0625rem;\"><span style=\"color: #99cc00;\">&nbsp;<\/span><\/strong><\/p>\n<p><strong><span style=\"color: #99cc00;\">K\u00fcl\u00f6nb\u00f6zeti vizsga:<\/span><\/strong> az igazgat\u00f3 \u00edrja el\u0151 m\u00e1s iskol\u00e1b\u00f3l, \u00e9vfolyamr\u00f3l vagy iskolaszerkezeti t\u00edpusb\u00f3l \u00e9rkezett tanul\u00f3knak a tanrendek (tananyagok) \u00f6sszevet\u00e9se ut\u00e1n. Bizotts\u00e1g el\u0151tti vizsga.<\/p>\n<p><span style=\"color: #99cc00;\"><strong>Jav\u00edt\u00f3vizsga<\/strong><\/span>: a nevel\u0151test\u00fclet azon tanul\u00f3k r\u00e9sz\u00e9re enged\u00e9lyezi, akik tan\u00e9v v\u00e9g\u00e9n valamely t\u00e1rgyb\u00f3l \u2013 legfeljebb h\u00e1rom tant\u00e1rgyb\u00f3l &#8211; el\u00e9gtelen min\u0151s\u00edt\u00e9st kaptak. Bizotts\u00e1g el\u0151tti vizsga.<\/p>\n<p><strong><span style=\"color: #99cc00;\">P\u00f3tl\u00f3 vizsga: <\/span><\/strong>P\u00f3tl\u00f3 vizsg\u00e1t tehet a tanul\u00f3, ha valamely vizsg\u00e1r\u00f3l neki fel nem r\u00f3hat\u00f3 okb\u00f3l elk\u00e9sik, t\u00e1vol marad, vagy a megkezdett vizsg\u00e1r\u00f3l enged\u00e9llyel elt\u00e1vozik, miel\u0151tt a v\u00e1laszad\u00e1st befejezn\u00e9. Bizotts\u00e1g el\u0151tti vizsga.<\/p>\n<p><strong>A vizsg\u00e1k rendje:<\/strong><\/p>\n<ul>\n<li>A vizsgabizotts\u00e1g min. 3 f\u0151b\u0151l \u00e1ll, a vizsg\u00e1r\u00f3l minden esetben jegyz\u0151k\u00f6nyvet kell k\u00e9sz\u00edteni. A vizsga form\u00e1ja: \u00edr\u00e1sbeli, sz\u00f3beli vagy gyakorlati vizsga.<\/li>\n<li>A tanulm\u00e1nyok alatti vizsg\u00e1kat a 20\/2012. (VIII. 31.) EMMI rendelet el\u0151\u00edr\u00e1saiban szerepl\u0151 szab\u00e1lyok szerint kell megszervezni.<\/li>\n<li>A vizsg\u00e1k id\u0151pontj\u00e1t, hely\u00e9t \u00e9s k\u00f6vetelm\u00e9nyeit az \u00e9rintett tanul\u00f3k sz\u00fcleivel az oszt\u00e1lyoz\u00f3 vizsga eset\u00e9n a vizsg\u00e1k id\u0151pontja el\u0151tt (jan. 10-15.; j\u00fan. 10-15.) legal\u00e1bb k\u00e9t h\u00f3nappal, jav\u00edt\u00f3vizsga eset\u00e9n ( aug. 25-31.) a tan\u00e9v v\u00e9g\u00e9n (bizony\u00edtv\u00e1nyoszt\u00e1skor) k\u00f6z\u00f6lni kell.<\/li>\n<\/ul>\n<p><strong>Az oszt\u00e1lyoz\u00f3 \u00e9s jav\u00edt\u00f3vizsg\u00e1k tant\u00e1rgyank\u00e9nti k\u00f6vetelm\u00e9nyeit a tantervek tartalmazz\u00e1k, amelyek a pedag\u00f3giai program mell\u00e9klet\u00e9t k\u00e9pezik.<\/strong><\/p>\n","protected":false},"excerpt":{"rendered":"<p>Az oszt\u00e1lyoz\u00f3 vizsga tant\u00e1rgyank\u00e9nti, \u00e9vfolyamonk\u00e9nti k\u00f6vetelm\u00e9nyei, a tanulm\u00e1nyok alatti vizsg\u00e1k tervezett ideje: Iskol\u00e1nkban a k\u00f6vetkez\u0151 t\u00edpus\u00fa vizsg\u00e1k fordulhatnak el\u0151: Oszt\u00e1lyoz\u00f3 vizsga: az \u00e9vfolyam teljes anyag\u00e1b\u00f3l vagy egyes tant\u00e1rgyakb\u00f3l tehet\u0151 iskolai vizsga, amelyre mag\u00e1ntanul\u00f3k, hi\u00e1nyz\u00e1suk miatt nem oszt\u00e1lyozhat\u00f3 tanul\u00f3k, valamely tant\u00e1rgyb\u00f3l egy\u00e9ni felk\u00e9sz\u00fcl\u00e9st folytat\u00f3 tanul\u00f3k jelentkezhetnek. T\u00f6bb \u00e9vfolyam anyag\u00e1b\u00f3l \u00f6sszevont vizsga is tehet\u0151. Ez esetben minden&#8230;<\/p>\n<p class=\"more-link-wrap\"><a href=\"https:\/\/xn--kemenesmagasiltalnosiskola-hfce.hu\/index.php\/vizsgak-osztalyozo-vizsgak\/\" class=\"more-link\">Tov\u00e1bb<span class=\"screen-reader-text\"> &ldquo;Vizsg\u00e1k, oszt\u00e1lyoz\u00f3 vizsg\u00e1k&rdquo;<\/span> &raquo;<\/a><\/p>\n","protected":false},"author":1,"featured_media":0,"parent":0,"menu_order":0,"comment_status":"closed","ping_status":"closed","template":"","meta":{"ngg_post_thumbnail":0,"footnotes":""},"class_list":["post-632","page","type-page","status-publish","hentry"],"_links":{"self":[{"href":"https:\/\/xn--kemenesmagasiltalnosiskola-hfce.hu\/index.php\/wp-json\/wp\/v2\/pages\/632","targetHints":{"allow":["GET"]}}],"collection":[{"href":"https:\/\/xn--kemenesmagasiltalnosiskola-hfce.hu\/index.php\/wp-json\/wp\/v2\/pages"}],"about":[{"href":"https:\/\/xn--kemenesmagasiltalnosiskola-hfce.hu\/index.php\/wp-json\/wp\/v2\/types\/page"}],"author":[{"embeddable":true,"href":"https:\/\/xn--kemenesmagasiltalnosiskola-hfce.hu\/index.php\/wp-json\/wp\/v2\/users\/1"}],"replies":[{"embeddable":true,"href":"https:\/\/xn--kemenesmagasiltalnosiskola-hfce.hu\/index.php\/wp-json\/wp\/v2\/comments?post=632"}],"version-history":[{"count":3,"href":"https:\/\/xn--kemenesmagasiltalnosiskola-hfce.hu\/index.php\/wp-json\/wp\/v2\/pages\/632\/revisions"}],"predecessor-version":[{"id":662,"href":"https:\/\/xn--kemenesmagasiltalnosiskola-hfce.hu\/index.php\/wp-json\/wp\/v2\/pages\/632\/revisions\/662"}],"wp:attachment":[{"href":"https:\/\/xn--kemenesmagasiltalnosiskola-hfce.hu\/index.php\/wp-json\/wp\/v2\/media?parent=632"}],"curies":[{"name":"wp","href":"https:\/\/api.w.org\/{rel}","templated":true}]}}