{"id":631,"date":"2021-10-04T19:12:48","date_gmt":"2021-10-04T19:12:48","guid":{"rendered":"https:\/\/xn--kemenesmagasiltalnosiskola-hfce.hu\/?page_id=631"},"modified":"2021-10-04T19:27:19","modified_gmt":"2021-10-04T19:27:19","slug":"hetvegi-hazi-feladatok-iskolai-dolgozatok-szabalyai","status":"publish","type":"page","link":"https:\/\/xn--kemenesmagasiltalnosiskola-hfce.hu\/index.php\/hetvegi-hazi-feladatok-iskolai-dolgozatok-szabalyai\/","title":{"rendered":"H\u00e9tv\u00e9gi h\u00e1zi feladatok, iskolai dolgozatok szab\u00e1lyai"},"content":{"rendered":"<p><span style=\"color: #ff0000;\"><strong>A h\u00e9tv\u00e9gi h\u00e1zi feladatok \u00e9s az iskolai dolgozatok szab\u00e1lyai:<\/strong><\/span><\/p>\n<p><span style=\"color: #99cc00;\"><strong>Iskol\u00e1nkban a h\u00e1zi feladatok meghat\u00e1roz\u00e1s\u00e1val kapcsolatban az al\u00e1bbi szab\u00e1lyok \u00e9rv\u00e9nyes\u00fclnek:<\/strong><\/span><\/p>\n<ul>\n<li>A h\u00e1zi feladatok legfontosabb funkci\u00f3ja a tan\u00f3r\u00e1n feldolgozott tananyaghoz kapcsol\u00f3d\u00f3 gyakorl\u00e1s (k\u00e9szs\u00e9g- \u00e9s k\u00e9pess\u00e9gfejleszt\u00e9s), valamint a tananyaghoz kapcsol\u00f3d\u00f3 ismeretek megszil\u00e1rd\u00edt\u00e1sa.<\/li>\n<li>Iskol\u00e1nkban a tanul\u00f3k h\u00e9tv\u00e9g\u00e9re (szombatra, vas\u00e1rnapra), valamint a tan\u00edt\u00e1si sz\u00fcnetek idej\u00e9re kaphatnak sz\u00f3beli \u00e9s \u00edr\u00e1sbeli h\u00e1zi feladatot.<\/li>\n<li>A hosszabb tan\u00edt\u00e1si sz\u00fcnetek (\u0151szi, t\u00e9li, tavaszi) idej\u00e9re a szok\u00e1sos (egyik \u00f3r\u00e1r\u00f3l a m\u00e1sikra esed\u00e9kes) feladatokon t\u00fal nem kapnak sem sz\u00f3beli, sem \u00edr\u00e1sbeli h\u00e1zi feladatot.<\/li>\n<li>A ny\u00e1ri sz\u00fcnid\u0151 id\u0151tartama alatt csak \u00f6nk\u00e9ntes, a tanul\u00f3 saj\u00e1t kezdem\u00e9nyez\u00e9se alapj\u00e1n v\u00e9gzett gyakorl\u00e1s v\u00e1rhat\u00f3 el.<\/li>\n<li>A tanul\u00f3k eredm\u00e9nyes felk\u00e9sz\u00fcl\u00e9s\u00e9nek \u00e9rdek\u00e9ben egy tan\u00edt\u00e1si napon bel\u00fcl egy-egy oszt\u00e1llyal legfeljebb kett\u0151 t\u00e9maz\u00e1r\u00f3, illetve f\u00e9l\u00e9vi vagy \u00e9v v\u00e9gi felm\u00e9r\u0151 dolgozatot lehet \u00edratni.<\/li>\n<\/ul>\n<p>&nbsp;<\/p>\n<p><strong><span style=\"color: #99cc00;\">Az iskolai dolgozatok szab\u00e1lyai:<\/span><\/strong><\/p>\n<ul>\n<li>szummat\u00edv \u00e9rt\u00e9kel\u00e9s (egy tan\u00edt\u00e1si napon max. 2 tant\u00e1rgyb\u00f3l)<\/li>\n<li>egy t\u00e9mak\u00f6rben val\u00f3 t\u00e1j\u00e9kozotts\u00e1got t\u00fckr\u00f6z\u0151 sz\u00f3beli felelet (korl\u00e1toz\u00e1s n\u00e9lk\u00fcli)<\/li>\n<li>format\u00edv \u00e9rt\u00e9kel\u00e9s (korl\u00e1toz\u00e1s n\u00e9lk\u00fcli)<\/li>\n<li>egy-egy tan\u00f3ra anyag\u00e1ra \u00e9p\u00fcl\u0151 sz\u00f3beli felelet (korl\u00e1toz\u00e1s n\u00e9lk\u00fcli)<\/li>\n<\/ul>\n","protected":false},"excerpt":{"rendered":"<p>A h\u00e9tv\u00e9gi h\u00e1zi feladatok \u00e9s az iskolai dolgozatok szab\u00e1lyai: Iskol\u00e1nkban a h\u00e1zi feladatok meghat\u00e1roz\u00e1s\u00e1val kapcsolatban az al\u00e1bbi szab\u00e1lyok \u00e9rv\u00e9nyes\u00fclnek: A h\u00e1zi feladatok legfontosabb funkci\u00f3ja a tan\u00f3r\u00e1n feldolgozott tananyaghoz kapcsol\u00f3d\u00f3 gyakorl\u00e1s (k\u00e9szs\u00e9g- \u00e9s k\u00e9pess\u00e9gfejleszt\u00e9s), valamint a tananyaghoz kapcsol\u00f3d\u00f3 ismeretek megszil\u00e1rd\u00edt\u00e1sa. Iskol\u00e1nkban a tanul\u00f3k h\u00e9tv\u00e9g\u00e9re (szombatra, vas\u00e1rnapra), valamint a tan\u00edt\u00e1si sz\u00fcnetek idej\u00e9re kaphatnak sz\u00f3beli \u00e9s \u00edr\u00e1sbeli h\u00e1zi&#8230;<\/p>\n<p class=\"more-link-wrap\"><a href=\"https:\/\/xn--kemenesmagasiltalnosiskola-hfce.hu\/index.php\/hetvegi-hazi-feladatok-iskolai-dolgozatok-szabalyai\/\" class=\"more-link\">Tov\u00e1bb<span class=\"screen-reader-text\"> &ldquo;H\u00e9tv\u00e9gi h\u00e1zi feladatok, iskolai dolgozatok szab\u00e1lyai&rdquo;<\/span> &raquo;<\/a><\/p>\n","protected":false},"author":1,"featured_media":0,"parent":0,"menu_order":0,"comment_status":"closed","ping_status":"closed","template":"","meta":{"ngg_post_thumbnail":0,"footnotes":""},"class_list":["post-631","page","type-page","status-publish","hentry"],"_links":{"self":[{"href":"https:\/\/xn--kemenesmagasiltalnosiskola-hfce.hu\/index.php\/wp-json\/wp\/v2\/pages\/631","targetHints":{"allow":["GET"]}}],"collection":[{"href":"https:\/\/xn--kemenesmagasiltalnosiskola-hfce.hu\/index.php\/wp-json\/wp\/v2\/pages"}],"about":[{"href":"https:\/\/xn--kemenesmagasiltalnosiskola-hfce.hu\/index.php\/wp-json\/wp\/v2\/types\/page"}],"author":[{"embeddable":true,"href":"https:\/\/xn--kemenesmagasiltalnosiskola-hfce.hu\/index.php\/wp-json\/wp\/v2\/users\/1"}],"replies":[{"embeddable":true,"href":"https:\/\/xn--kemenesmagasiltalnosiskola-hfce.hu\/index.php\/wp-json\/wp\/v2\/comments?post=631"}],"version-history":[{"count":3,"href":"https:\/\/xn--kemenesmagasiltalnosiskola-hfce.hu\/index.php\/wp-json\/wp\/v2\/pages\/631\/revisions"}],"predecessor-version":[{"id":660,"href":"https:\/\/xn--kemenesmagasiltalnosiskola-hfce.hu\/index.php\/wp-json\/wp\/v2\/pages\/631\/revisions\/660"}],"wp:attachment":[{"href":"https:\/\/xn--kemenesmagasiltalnosiskola-hfce.hu\/index.php\/wp-json\/wp\/v2\/media?parent=631"}],"curies":[{"name":"wp","href":"https:\/\/api.w.org\/{rel}","templated":true}]}}