{"id":630,"date":"2021-10-04T19:12:48","date_gmt":"2021-10-04T19:12:48","guid":{"rendered":"https:\/\/xn--kemenesmagasiltalnosiskola-hfce.hu\/?page_id=630"},"modified":"2022-10-28T13:26:26","modified_gmt":"2022-10-28T13:26:26","slug":"tanoran-kivuli-egyeb-foglalkozasok","status":"publish","type":"page","link":"https:\/\/xn--kemenesmagasiltalnosiskola-hfce.hu\/index.php\/tanoran-kivuli-egyeb-foglalkozasok\/","title":{"rendered":"Tan\u00f3r\u00e1n k\u00edv\u00fcli egy\u00e9b foglalkoz\u00e1sok"},"content":{"rendered":"<p><span style=\"color: #ff0000;\"><strong>A tan\u00f3r\u00e1n k\u00edv\u00fcli egy\u00e9b foglalkoz\u00e1sok ig\u00e9nybev\u00e9tel\u00e9nek lehet\u0151s\u00e9ge:<\/strong><\/span><\/p>\n<p>A tan\u00f3r\u00e1n k\u00edv\u00fcli egy\u00e9b foglalkoz\u00e1sokat az iskola b\u00e1rmely tanul\u00f3i jogviszonnyal rendelkez\u0151 di\u00e1kja ig\u00e9nybe veheti a tan\u00e9v helyi rendj\u00e9ben meghat\u00e1rozottak szerint.<\/p>\n<p><strong><span style=\"color: #99cc00;\">Tan\u00f3r\u00e1n k\u00edv\u00fcli egy\u00e9b foglalkoz\u00e1sok az int\u00e9zm\u00e9nyben:<\/span><\/strong><\/p>\n<ul>\n<li>napk\u00f6zi otthon<\/li>\n<li>di\u00e1k\u00f6nkorm\u00e1nyzat<\/li>\n<li>di\u00e1k\u00e9tkeztet\u00e9s<\/li>\n<li>tehets\u00e9ggondoz\u00f3, felz\u00e1rk\u00f3ztat\u00f3, egy\u00e9ni fejleszt\u0151 \u00e9s rehabilit\u00e1ci\u00f3s foglalkoz\u00e1sok<\/li>\n<li>szakk\u00f6r\u00f6k<\/li>\n<li>versenyek, vet\u00e9lked\u0151k, bemutat\u00f3k<\/li>\n<li>oszt\u00e1lykir\u00e1ndul\u00e1sok<\/li>\n<li>tanulm\u00e1nyi kir\u00e1ndul\u00e1sok<\/li>\n<li>ny\u00e1ri t\u00e1bor<\/li>\n<li>m\u00fazeumi, ki\u00e1ll\u00edt\u00e1si, k\u00f6nyvt\u00e1ri \u00e9s m\u0171v\u00e9szeti el\u0151ad\u00e1shoz kapcsol\u00f3d\u00f3 foglalkoz\u00e1s<\/li>\n<li>szabadid\u0151s foglalkoz\u00e1sok<\/li>\n<li>k\u00f6nyvt\u00e1rl\u00e1togat\u00e1s<\/li>\n<li>az iskola l\u00e9tes\u00edtm\u00e9nyeinek, eszk\u00f6zeinek egy\u00e9ni vagy csoportos haszn\u00e1lata<\/li>\n<\/ul>\n","protected":false},"excerpt":{"rendered":"<p>A tan\u00f3r\u00e1n k\u00edv\u00fcli egy\u00e9b foglalkoz\u00e1sok ig\u00e9nybev\u00e9tel\u00e9nek lehet\u0151s\u00e9ge: A tan\u00f3r\u00e1n k\u00edv\u00fcli egy\u00e9b foglalkoz\u00e1sokat az iskola b\u00e1rmely tanul\u00f3i jogviszonnyal rendelkez\u0151 di\u00e1kja ig\u00e9nybe veheti a tan\u00e9v helyi rendj\u00e9ben meghat\u00e1rozottak szerint. Tan\u00f3r\u00e1n k\u00edv\u00fcli egy\u00e9b foglalkoz\u00e1sok az int\u00e9zm\u00e9nyben: napk\u00f6zi otthon di\u00e1k\u00f6nkorm\u00e1nyzat di\u00e1k\u00e9tkeztet\u00e9s tehets\u00e9ggondoz\u00f3, felz\u00e1rk\u00f3ztat\u00f3, egy\u00e9ni fejleszt\u0151 \u00e9s rehabilit\u00e1ci\u00f3s foglalkoz\u00e1sok szakk\u00f6r\u00f6k versenyek, vet\u00e9lked\u0151k, bemutat\u00f3k oszt\u00e1lykir\u00e1ndul\u00e1sok tanulm\u00e1nyi kir\u00e1ndul\u00e1sok ny\u00e1ri t\u00e1bor m\u00fazeumi, ki\u00e1ll\u00edt\u00e1si,&#8230;<\/p>\n<p class=\"more-link-wrap\"><a href=\"https:\/\/xn--kemenesmagasiltalnosiskola-hfce.hu\/index.php\/tanoran-kivuli-egyeb-foglalkozasok\/\" class=\"more-link\">Tov\u00e1bb<span class=\"screen-reader-text\"> &ldquo;Tan\u00f3r\u00e1n k\u00edv\u00fcli egy\u00e9b foglalkoz\u00e1sok&rdquo;<\/span> &raquo;<\/a><\/p>\n","protected":false},"author":1,"featured_media":0,"parent":0,"menu_order":0,"comment_status":"closed","ping_status":"closed","template":"","meta":{"ngg_post_thumbnail":0,"footnotes":""},"class_list":["post-630","page","type-page","status-publish","hentry"],"_links":{"self":[{"href":"https:\/\/xn--kemenesmagasiltalnosiskola-hfce.hu\/index.php\/wp-json\/wp\/v2\/pages\/630","targetHints":{"allow":["GET"]}}],"collection":[{"href":"https:\/\/xn--kemenesmagasiltalnosiskola-hfce.hu\/index.php\/wp-json\/wp\/v2\/pages"}],"about":[{"href":"https:\/\/xn--kemenesmagasiltalnosiskola-hfce.hu\/index.php\/wp-json\/wp\/v2\/types\/page"}],"author":[{"embeddable":true,"href":"https:\/\/xn--kemenesmagasiltalnosiskola-hfce.hu\/index.php\/wp-json\/wp\/v2\/users\/1"}],"replies":[{"embeddable":true,"href":"https:\/\/xn--kemenesmagasiltalnosiskola-hfce.hu\/index.php\/wp-json\/wp\/v2\/comments?post=630"}],"version-history":[{"count":4,"href":"https:\/\/xn--kemenesmagasiltalnosiskola-hfce.hu\/index.php\/wp-json\/wp\/v2\/pages\/630\/revisions"}],"predecessor-version":[{"id":1783,"href":"https:\/\/xn--kemenesmagasiltalnosiskola-hfce.hu\/index.php\/wp-json\/wp\/v2\/pages\/630\/revisions\/1783"}],"wp:attachment":[{"href":"https:\/\/xn--kemenesmagasiltalnosiskola-hfce.hu\/index.php\/wp-json\/wp\/v2\/media?parent=630"}],"curies":[{"name":"wp","href":"https:\/\/api.w.org\/{rel}","templated":true}]}}