{"id":628,"date":"2021-10-04T19:12:48","date_gmt":"2021-10-04T19:12:48","guid":{"rendered":"https:\/\/xn--kemenesmagasiltalnosiskola-hfce.hu\/?page_id=628"},"modified":"2022-10-28T13:17:54","modified_gmt":"2022-10-28T13:17:54","slug":"adatok-tanulok-le-es-kimaradasa-evfolyamismetles","status":"publish","type":"page","link":"https:\/\/xn--kemenesmagasiltalnosiskola-hfce.hu\/index.php\/adatok-tanulok-le-es-kimaradasa-evfolyamismetles\/","title":{"rendered":"Adatok: Tanul\u00f3k le- \u00e9s kimarad\u00e1sa, \u00e9vfolyamism\u00e9tl\u00e9s"},"content":{"rendered":"<h4><strong>2021\/2022. tan\u00e9v<\/strong><\/h4>\n<p>250 \u00f3r\u00e1n\u00e1l t\u00f6bbet mulasztottak a tan\u00e9vben: 3 f\u0151<\/p>\n<p>El\u00e9gtelen oszt\u00e1lyzatot kapott a tan\u00e9v v\u00e9g\u00e9n: 0 f\u0151<\/p>\n<p>Oszt\u00e1lyoz\u00f3 vizsg\u00e1t tett tanul\u00f3k sz\u00e1ma a tan\u00e9v v\u00e9g\u00e9n: 0 f\u0151<\/p>\n<p>Mag\u00e1ntanul\u00f3 a tan\u00e9vben: 0 f\u0151<\/p>\n<p>Sikeres p\u00f3tvizsg\u00e1t tett tanul\u00f3k sz\u00e1ma: 0 f\u0151<\/p>\n<p>Oszt\u00e1lyism\u00e9tl\u0151 tanul\u00f3k sz\u00e1ma: 1 f\u0151<\/p>\n<p>Lemorzsol\u00f3d\u00e1ssal vesz\u00e9lyeztetett tanul\u00f3k sz\u00e1ma: 0 f\u0151<\/p>\n<h4><strong>2021\/2022. tan\u00e9v 8. oszt\u00e1ly \u00e9v v\u00e9gi \u00e9s tov\u00e1bbtanul\u00e1si adatai<\/strong><\/h4>\n<p>V\u00e9gz\u0151s\u00f6k sz\u00e1ma: 16 f\u0151<\/p>\n<p>Gimn\u00e1ziumban tanul tov\u00e1bb: 6 f\u0151<\/p>\n<p>Szakgimn\u00e1ziumban tanul tov\u00e1bb: 6 f\u0151<\/p>\n<p>Szakk\u00f6z\u00e9piskol\u00e1ban tanul tov\u00e1bb: 7 f\u0151<\/p>\n<p>H\u00cdD I. program: 0 f\u0151<\/p>\n<p>Speci\u00e1lis szakiskola: 0 f\u0151<\/p>\n<p>Nem tanul tov\u00e1bb: 0 f\u0151<\/p>\n<h4><strong>8. oszt\u00e1ly &#8211; tanulm\u00e1nyi eredm\u00e9nyek<\/strong><\/h4>\n<p>jeles: 1 f\u0151<\/p>\n<p>j\u00f3: 8 f\u0151<\/p>\n<p>k\u00f6zepes: 7 f\u0151<\/p>\n<p>el\u00e9gs\u00e9ges: 0 f\u0151<\/p>\n<p>\u00e9vism\u00e9tl\u0151k sz\u00e1ma: 0 f\u0151<\/p>\n","protected":false},"excerpt":{"rendered":"<p>2021\/2022. tan\u00e9v 250 \u00f3r\u00e1n\u00e1l t\u00f6bbet mulasztottak a tan\u00e9vben: 3 f\u0151 El\u00e9gtelen oszt\u00e1lyzatot kapott a tan\u00e9v v\u00e9g\u00e9n: 0 f\u0151 Oszt\u00e1lyoz\u00f3 vizsg\u00e1t tett tanul\u00f3k sz\u00e1ma a tan\u00e9v v\u00e9g\u00e9n: 0 f\u0151 Mag\u00e1ntanul\u00f3 a tan\u00e9vben: 0 f\u0151 Sikeres p\u00f3tvizsg\u00e1t tett tanul\u00f3k sz\u00e1ma: 0 f\u0151 Oszt\u00e1lyism\u00e9tl\u0151 tanul\u00f3k sz\u00e1ma: 1 f\u0151 Lemorzsol\u00f3d\u00e1ssal vesz\u00e9lyeztetett tanul\u00f3k sz\u00e1ma: 0 f\u0151 2021\/2022. tan\u00e9v 8. oszt\u00e1ly&#8230;<\/p>\n<p class=\"more-link-wrap\"><a href=\"https:\/\/xn--kemenesmagasiltalnosiskola-hfce.hu\/index.php\/adatok-tanulok-le-es-kimaradasa-evfolyamismetles\/\" class=\"more-link\">Tov\u00e1bb<span class=\"screen-reader-text\"> &ldquo;Adatok: Tanul\u00f3k le- \u00e9s kimarad\u00e1sa, \u00e9vfolyamism\u00e9tl\u00e9s&rdquo;<\/span> &raquo;<\/a><\/p>\n","protected":false},"author":1,"featured_media":0,"parent":0,"menu_order":0,"comment_status":"closed","ping_status":"closed","template":"","meta":{"ngg_post_thumbnail":0,"footnotes":""},"class_list":["post-628","page","type-page","status-publish","hentry"],"_links":{"self":[{"href":"https:\/\/xn--kemenesmagasiltalnosiskola-hfce.hu\/index.php\/wp-json\/wp\/v2\/pages\/628","targetHints":{"allow":["GET"]}}],"collection":[{"href":"https:\/\/xn--kemenesmagasiltalnosiskola-hfce.hu\/index.php\/wp-json\/wp\/v2\/pages"}],"about":[{"href":"https:\/\/xn--kemenesmagasiltalnosiskola-hfce.hu\/index.php\/wp-json\/wp\/v2\/types\/page"}],"author":[{"embeddable":true,"href":"https:\/\/xn--kemenesmagasiltalnosiskola-hfce.hu\/index.php\/wp-json\/wp\/v2\/users\/1"}],"replies":[{"embeddable":true,"href":"https:\/\/xn--kemenesmagasiltalnosiskola-hfce.hu\/index.php\/wp-json\/wp\/v2\/comments?post=628"}],"version-history":[{"count":3,"href":"https:\/\/xn--kemenesmagasiltalnosiskola-hfce.hu\/index.php\/wp-json\/wp\/v2\/pages\/628\/revisions"}],"predecessor-version":[{"id":1782,"href":"https:\/\/xn--kemenesmagasiltalnosiskola-hfce.hu\/index.php\/wp-json\/wp\/v2\/pages\/628\/revisions\/1782"}],"wp:attachment":[{"href":"https:\/\/xn--kemenesmagasiltalnosiskola-hfce.hu\/index.php\/wp-json\/wp\/v2\/media?parent=628"}],"curies":[{"name":"wp","href":"https:\/\/api.w.org\/{rel}","templated":true}]}}