{"id":627,"date":"2021-10-04T19:12:48","date_gmt":"2021-10-04T19:12:48","guid":{"rendered":"https:\/\/xn--kemenesmagasiltalnosiskola-hfce.hu\/?page_id=627"},"modified":"2022-10-28T13:31:15","modified_gmt":"2022-10-28T13:31:15","slug":"orszagos-meres-ertekeles-eredmenyei","status":"publish","type":"page","link":"https:\/\/xn--kemenesmagasiltalnosiskola-hfce.hu\/index.php\/orszagos-meres-ertekeles-eredmenyei\/","title":{"rendered":"Orsz\u00e1gos m\u00e9r\u00e9s-\u00e9rt\u00e9kel\u00e9s eredm\u00e9nyei"},"content":{"rendered":"<p>KOMPETENCIA M\u00c9R\u00c9S 2021.<\/p>\n<p><a href=\"https:\/\/xn--kemenesmagasiltalnosiskola-hfce.hu\/wp-content\/uploads\/2022\/10\/TelephelyiOsszefoglalo_036633_1_OKM2021.pdf\">TelephelyiOsszefoglalo_036633_1_OKM2021<\/a><\/p>\n<p>KOMPETENCIA M\u00c9R\u00c9S 2019.<\/p>\n<p><a href=\"https:\/\/xn--kemenesmagasiltalnosiskola-hfce.hu\/wp-content\/uploads\/2022\/10\/TelephelyiOsszefoglalo_036633_1_OKM2019.pdf\">TelephelyiOsszefoglalo_036633_1_OKM2019<\/a><\/p>\n","protected":false},"excerpt":{"rendered":"<p>KOMPETENCIA M\u00c9R\u00c9S 2021. TelephelyiOsszefoglalo_036633_1_OKM2021 KOMPETENCIA M\u00c9R\u00c9S 2019. TelephelyiOsszefoglalo_036633_1_OKM2019<\/p>\n","protected":false},"author":1,"featured_media":0,"parent":0,"menu_order":0,"comment_status":"closed","ping_status":"closed","template":"","meta":{"ngg_post_thumbnail":0,"footnotes":""},"class_list":["post-627","page","type-page","status-publish","hentry"],"_links":{"self":[{"href":"https:\/\/xn--kemenesmagasiltalnosiskola-hfce.hu\/index.php\/wp-json\/wp\/v2\/pages\/627","targetHints":{"allow":["GET"]}}],"collection":[{"href":"https:\/\/xn--kemenesmagasiltalnosiskola-hfce.hu\/index.php\/wp-json\/wp\/v2\/pages"}],"about":[{"href":"https:\/\/xn--kemenesmagasiltalnosiskola-hfce.hu\/index.php\/wp-json\/wp\/v2\/types\/page"}],"author":[{"embeddable":true,"href":"https:\/\/xn--kemenesmagasiltalnosiskola-hfce.hu\/index.php\/wp-json\/wp\/v2\/users\/1"}],"replies":[{"embeddable":true,"href":"https:\/\/xn--kemenesmagasiltalnosiskola-hfce.hu\/index.php\/wp-json\/wp\/v2\/comments?post=627"}],"version-history":[{"count":6,"href":"https:\/\/xn--kemenesmagasiltalnosiskola-hfce.hu\/index.php\/wp-json\/wp\/v2\/pages\/627\/revisions"}],"predecessor-version":[{"id":1786,"href":"https:\/\/xn--kemenesmagasiltalnosiskola-hfce.hu\/index.php\/wp-json\/wp\/v2\/pages\/627\/revisions\/1786"}],"wp:attachment":[{"href":"https:\/\/xn--kemenesmagasiltalnosiskola-hfce.hu\/index.php\/wp-json\/wp\/v2\/media?parent=627"}],"curies":[{"name":"wp","href":"https:\/\/api.w.org\/{rel}","templated":true}]}}