{"id":579,"date":"2021-10-01T17:54:43","date_gmt":"2021-10-01T17:54:43","guid":{"rendered":"https:\/\/xn--kemenesmagasiltalnosiskola-hfce.hu\/?page_id=579"},"modified":"2022-04-07T12:07:42","modified_gmt":"2022-04-07T12:07:42","slug":"vezetoi-program","status":"publish","type":"page","link":"https:\/\/xn--kemenesmagasiltalnosiskola-hfce.hu\/index.php\/vezetoi-program\/","title":{"rendered":"Vezet\u0151i program"},"content":{"rendered":"<p>Hal\u00e1sz Ferenc vezet\u0151i programja &#8211; 2022. \u00e1prilis<\/p>\n<p><a href=\"https:\/\/xn--kemenesmagasiltalnosiskola-hfce.hu\/wp-content\/uploads\/2022\/04\/0501-HALASZ-FERENC-vezetoi-program.pdf\">0501 HAL\u00c1SZ FERENC vezet\u0151i program<\/a><\/p>\n<p>Hal\u00e1sz Ferenc vezet\u0151i programja &#8211; 2021. \u00e1prilis<\/p>\n<p><a href=\"https:\/\/xn--kemenesmagasiltalnosiskola-hfce.hu\/wp-content\/uploads\/2021\/10\/Kemenesmagasi-A.I.-Halasz-Ferenc-vezetoi-programja.pdf\">Kemenesmagasi \u00c1.I. Hal\u00e1sz Ferenc vezet\u0151i programja<\/a><\/p>\n","protected":false},"excerpt":{"rendered":"<p>Hal\u00e1sz Ferenc vezet\u0151i programja &#8211; 2022. \u00e1prilis 0501 HAL\u00c1SZ FERENC vezet\u0151i program Hal\u00e1sz Ferenc vezet\u0151i programja &#8211; 2021. \u00e1prilis Kemenesmagasi \u00c1.I. Hal\u00e1sz Ferenc vezet\u0151i programja<\/p>\n","protected":false},"author":1,"featured_media":0,"parent":0,"menu_order":0,"comment_status":"closed","ping_status":"closed","template":"","meta":{"ngg_post_thumbnail":0,"footnotes":""},"class_list":["post-579","page","type-page","status-publish","hentry"],"_links":{"self":[{"href":"https:\/\/xn--kemenesmagasiltalnosiskola-hfce.hu\/index.php\/wp-json\/wp\/v2\/pages\/579","targetHints":{"allow":["GET"]}}],"collection":[{"href":"https:\/\/xn--kemenesmagasiltalnosiskola-hfce.hu\/index.php\/wp-json\/wp\/v2\/pages"}],"about":[{"href":"https:\/\/xn--kemenesmagasiltalnosiskola-hfce.hu\/index.php\/wp-json\/wp\/v2\/types\/page"}],"author":[{"embeddable":true,"href":"https:\/\/xn--kemenesmagasiltalnosiskola-hfce.hu\/index.php\/wp-json\/wp\/v2\/users\/1"}],"replies":[{"embeddable":true,"href":"https:\/\/xn--kemenesmagasiltalnosiskola-hfce.hu\/index.php\/wp-json\/wp\/v2\/comments?post=579"}],"version-history":[{"count":4,"href":"https:\/\/xn--kemenesmagasiltalnosiskola-hfce.hu\/index.php\/wp-json\/wp\/v2\/pages\/579\/revisions"}],"predecessor-version":[{"id":1266,"href":"https:\/\/xn--kemenesmagasiltalnosiskola-hfce.hu\/index.php\/wp-json\/wp\/v2\/pages\/579\/revisions\/1266"}],"wp:attachment":[{"href":"https:\/\/xn--kemenesmagasiltalnosiskola-hfce.hu\/index.php\/wp-json\/wp\/v2\/media?parent=579"}],"curies":[{"name":"wp","href":"https:\/\/api.w.org\/{rel}","templated":true}]}}