{"id":508,"date":"2021-09-27T13:32:43","date_gmt":"2021-09-27T13:32:43","guid":{"rendered":"https:\/\/xn--kemenesmagasiltalnosiskola-hfce.hu\/?page_id=508"},"modified":"2021-10-18T18:46:50","modified_gmt":"2021-10-18T18:46:50","slug":"tortenete","status":"publish","type":"page","link":"https:\/\/xn--kemenesmagasiltalnosiskola-hfce.hu\/index.php\/tortenete\/","title":{"rendered":"T\u00f6rt\u00e9nete"},"content":{"rendered":"<p>Az iskola m\u00faltja az ismert adatok szerint t\u00f6bb, mint 300 \u00e9vre tekint vissza. Kezdetben felekezeti iskol\u00e1k m\u0171k\u00f6dtek Kemenesmagasiban. Az adatok az egyh\u00e1zi feljegyz\u00e9sekb\u0151l ismertek.<\/p>\n<p>Az evang\u00e9likus gy\u00fclekezet a 16. sz\u00e1zad els\u0151 fel\u00e9ben alakult meg, 1695-ben m\u00e1r az iskola is m\u0171k\u00f6d\u00f6tt, Dolgos Andr\u00e1s volt a felekezet tan\u00edt\u00f3ja.<\/p>\n<p>1807-ben &#8211; a jelenlegi iskola hely\u00e9n \u2013 emelt\u00e9k az els\u0151 \u00e9p\u00fcletet, majd 1845-ben \u00e9s 1895-ben is b\u0151v\u00edtett\u00e9k. Ekkor 4 tanterem \u00e1llt rendelkez\u00e9sre. A legr\u00e9gebben \u00e9p\u00fclet a f\u0151kapu melletti tantermek, valamint a katolikus iskola terme, a jelenlegi h\u00e1zass\u00e1gk\u00f6t\u0151 terem.<\/p>\n<p>1948. j\u00falius 1-j\u00e9n az iskol\u00e1kat \u00e1llamos\u00edtott\u00e1k. A k\u00e9t felekezeti iskola megsz\u0171nt, azoknak \u00f6r\u00f6k\u00f6sek\u00e9nt az \u00c1llami \u00c1ltal\u00e1nos Iskola folytatta az iskolai oktat\u00e1st. Akkoriban tanterem- \u00e9s a taner\u0151 hi\u00e1nnyal k\u00fczd\u00f6tt az int\u00e9zm\u00e9ny. Mivel a tanul\u00f3k l\u00e9tsz\u00e1ma az 1948\/49-es tan\u00e9vben 235 f\u0151 volt \u00e9s csak \u00f6t nevel\u0151 tan\u00edtott, tov\u00e1bbi fejleszt\u00e9sekre volt sz\u00fcks\u00e9g.<\/p>\n<p>Az 1967-68-as tan\u00e9vben ker\u00fcltek a kemenesmagasi iskol\u00e1hoz Szerg\u00e9ny fels\u0151 tagozatos di\u00e1kjai, 1974 \u0151sz\u00e9t\u0151l pedig az als\u00f3 tagozatosok is a magasi iskol\u00e1ba j\u00e1rtak.<\/p>\n<p>1971-ben \u00e9p\u00fclt meg a jelenlegi tan\u00e1ri szoba. A sz\u00fcl\u0151k bevon\u00e1s\u00e1val, az 1970-es \u00e9vek k\u00f6zep\u00e9n meg\u00e9p\u00edtett\u00e9k a tornatermet. Az iskolaudvarr\u00f3l ny\u00edl\u00f3 tantermeket k\u00f6rfolyos\u00f3val kapcsolt\u00e1k \u00f6ssze, az \u00e9p\u00fcletben kapott helyet az \u00faj vizesblokk is. 1976-ban fejez\u0151d\u00f6tt be a munka.<\/p>\n<p>1986-87-ben kezdt\u00e9k el az iskolai napk\u00f6zis konyha \u00e9s eb\u00e9dl\u0151 \u00e9p\u00edt\u00e9s\u00e9t, amelyet az iskola udvar\u00e1ra terveztek. Addig egy, az iskol\u00e1t\u00f3l t\u00e1vol es\u0151 \u00e9p\u00fcletben oldott\u00e1k meg a tanul\u00f3k \u00e9tkeztet\u00e9st.<\/p>\n<p>Az iskola t\u00f6rt\u00e9net\u00e9ben el\u0151sz\u00f6r az \u00f6sszes \u00e9vfolyam a 2001-2002-es tan\u00e9vben k\u00f6z\u00f6s \u00e9p\u00fcletbe ker\u00fclt. Az els\u0151 \u00e9s a m\u00e1sodik oszt\u00e1ly a r\u00e9gi \u201ekisiskol\u00e1b\u00f3l\u201d&nbsp; (r\u00e9gi katolikus iskol\u00e1b\u00f3l) \u00e1tk\u00f6lt\u00f6z\u00f6tt a tan\u00edt\u00f3i lak\u00e1sb\u00f3l kialak\u00edtott k\u00e9t tanterembe.<\/p>\n<p>2007-ben a v\u00f6n\u00f6cki iskola megsz\u0171n\u00e9s\u00e9vel h\u00e1rom falu \u00f6nkorm\u00e1nyzata lett az iskola fenntart\u00f3ja &#8211; Kemenesmagasi, Szerg\u00e9ny, V\u00f6n\u00f6ck.<\/p>\n<p>Iskol\u00e1nk fenntart\u00f3ja a S\u00e1rv\u00e1ri Tanker\u00fcleti K\u00f6zpont.<\/p>\n<p>Vid\u00e9ki di\u00e1kjaink iskolabusszal \u00e9rkeznek a szomsz\u00e9dos telep\u00fcl\u00e9sekr\u0151l.<\/p>\n<p>&nbsp;<\/p>\n<p>&nbsp;<\/p>\n","protected":false},"excerpt":{"rendered":"<p>Az iskola m\u00faltja az ismert adatok szerint t\u00f6bb, mint 300 \u00e9vre tekint vissza. Kezdetben felekezeti iskol\u00e1k m\u0171k\u00f6dtek Kemenesmagasiban. Az adatok az egyh\u00e1zi feljegyz\u00e9sekb\u0151l ismertek. Az evang\u00e9likus gy\u00fclekezet a 16. sz\u00e1zad els\u0151 fel\u00e9ben alakult meg, 1695-ben m\u00e1r az iskola is m\u0171k\u00f6d\u00f6tt, Dolgos Andr\u00e1s volt a felekezet tan\u00edt\u00f3ja. 1807-ben &#8211; a jelenlegi iskola hely\u00e9n \u2013 emelt\u00e9k az&#8230;<\/p>\n<p class=\"more-link-wrap\"><a href=\"https:\/\/xn--kemenesmagasiltalnosiskola-hfce.hu\/index.php\/tortenete\/\" class=\"more-link\">Tov\u00e1bb<span class=\"screen-reader-text\"> &ldquo;T\u00f6rt\u00e9nete&rdquo;<\/span> &raquo;<\/a><\/p>\n","protected":false},"author":1,"featured_media":0,"parent":0,"menu_order":0,"comment_status":"closed","ping_status":"closed","template":"","meta":{"ngg_post_thumbnail":0,"footnotes":""},"class_list":["post-508","page","type-page","status-publish","hentry"],"_links":{"self":[{"href":"https:\/\/xn--kemenesmagasiltalnosiskola-hfce.hu\/index.php\/wp-json\/wp\/v2\/pages\/508","targetHints":{"allow":["GET"]}}],"collection":[{"href":"https:\/\/xn--kemenesmagasiltalnosiskola-hfce.hu\/index.php\/wp-json\/wp\/v2\/pages"}],"about":[{"href":"https:\/\/xn--kemenesmagasiltalnosiskola-hfce.hu\/index.php\/wp-json\/wp\/v2\/types\/page"}],"author":[{"embeddable":true,"href":"https:\/\/xn--kemenesmagasiltalnosiskola-hfce.hu\/index.php\/wp-json\/wp\/v2\/users\/1"}],"replies":[{"embeddable":true,"href":"https:\/\/xn--kemenesmagasiltalnosiskola-hfce.hu\/index.php\/wp-json\/wp\/v2\/comments?post=508"}],"version-history":[{"count":6,"href":"https:\/\/xn--kemenesmagasiltalnosiskola-hfce.hu\/index.php\/wp-json\/wp\/v2\/pages\/508\/revisions"}],"predecessor-version":[{"id":924,"href":"https:\/\/xn--kemenesmagasiltalnosiskola-hfce.hu\/index.php\/wp-json\/wp\/v2\/pages\/508\/revisions\/924"}],"wp:attachment":[{"href":"https:\/\/xn--kemenesmagasiltalnosiskola-hfce.hu\/index.php\/wp-json\/wp\/v2\/media?parent=508"}],"curies":[{"name":"wp","href":"https:\/\/api.w.org\/{rel}","templated":true}]}}