{"id":355,"date":"2021-09-23T21:29:32","date_gmt":"2021-09-23T21:29:32","guid":{"rendered":"https:\/\/xn--kemenesmagasiltalnosiskola-hfce.hu\/?page_id=355"},"modified":"2025-09-23T16:50:25","modified_gmt":"2025-09-23T16:50:25","slug":"tagjai","status":"publish","type":"page","link":"https:\/\/xn--kemenesmagasiltalnosiskola-hfce.hu\/index.php\/tagjai\/","title":{"rendered":"Tagjai"},"content":{"rendered":"<p><strong>A Sz\u00fcl\u0151i K\u00f6z\u00f6ss\u00e9g tagjai a 2023\/2024. tan\u00e9vben:<\/strong><\/p>\n<h6>1. oszt\u00e1ly<\/h6>\n<ul>\n<li>Vass Georgina<\/li>\n<li>Finta Barbara<\/li>\n<\/ul>\n<h6>2. oszt\u00e1ly<\/h6>\n<ul>\n<li>Varg\u00e1n\u00e9 K\u00f3sa Zsuzsanna<\/li>\n<\/ul>\n<h6>3. oszt\u00e1ly<\/h6>\n<ul>\n<li>Bed\u0151 Erika<\/li>\n<li>Peresznyei-Marth Alexandra<\/li>\n<\/ul>\n<h6>4. oszt\u00e1ly<\/h6>\n<ul>\n<li>Hal\u00e1sz Anik\u00f3<\/li>\n<li>Szab\u00f3n\u00e9 Kalm\u00e1r Ildik\u00f3<\/li>\n<\/ul>\n<h6>5. oszt\u00e1ly<\/h6>\n<ul>\n<li>Juranovits Katalin<\/li>\n<li>M\u00e9sz\u00e1ros Katalin<\/li>\n<\/ul>\n<h6>6. oszt\u00e1ly<\/h6>\n<ul>\n<li>Kocsin\u00e9 Csonka M\u00f3nika<\/li>\n<li>Vincz\u00e9n\u00e9 Sz\u00e9lesi Anik\u00f3<\/li>\n<\/ul>\n<h6>7. oszt\u00e1ly<\/h6>\n<ul>\n<li>Gyalogh-P\u00e1li Annam\u00e1ria<\/li>\n<\/ul>\n<h6>8. oszt\u00e1ly<\/h6>\n<ul>\n<li>Horv\u00e1thn\u00e9 Hajm\u00e1si Csilla<\/li>\n<li>K\u00f3bor-Horv\u00e1th Ram\u00f3na<\/li>\n<li>Baracskain\u00e9 P\u00f6rneczi Annam\u00e1ria<\/li>\n<\/ul>\n","protected":false},"excerpt":{"rendered":"<p>A Sz\u00fcl\u0151i K\u00f6z\u00f6ss\u00e9g tagjai a 2023\/2024. tan\u00e9vben: 1. oszt\u00e1ly Vass Georgina Finta Barbara 2. oszt\u00e1ly Varg\u00e1n\u00e9 K\u00f3sa Zsuzsanna 3. oszt\u00e1ly Bed\u0151 Erika Peresznyei-Marth Alexandra 4. oszt\u00e1ly Hal\u00e1sz Anik\u00f3 Szab\u00f3n\u00e9 Kalm\u00e1r Ildik\u00f3 5. oszt\u00e1ly Juranovits Katalin M\u00e9sz\u00e1ros Katalin 6. oszt\u00e1ly Kocsin\u00e9 Csonka M\u00f3nika Vincz\u00e9n\u00e9 Sz\u00e9lesi Anik\u00f3 7. oszt\u00e1ly Gyalogh-P\u00e1li Annam\u00e1ria 8. oszt\u00e1ly Horv\u00e1thn\u00e9 Hajm\u00e1si Csilla K\u00f3bor-Horv\u00e1th&#8230;<\/p>\n<p class=\"more-link-wrap\"><a href=\"https:\/\/xn--kemenesmagasiltalnosiskola-hfce.hu\/index.php\/tagjai\/\" class=\"more-link\">Tov\u00e1bb<span class=\"screen-reader-text\"> &ldquo;Tagjai&rdquo;<\/span> &raquo;<\/a><\/p>\n","protected":false},"author":1,"featured_media":0,"parent":0,"menu_order":0,"comment_status":"closed","ping_status":"closed","template":"","meta":{"ngg_post_thumbnail":0,"footnotes":""},"class_list":["post-355","page","type-page","status-publish","hentry"],"_links":{"self":[{"href":"https:\/\/xn--kemenesmagasiltalnosiskola-hfce.hu\/index.php\/wp-json\/wp\/v2\/pages\/355","targetHints":{"allow":["GET"]}}],"collection":[{"href":"https:\/\/xn--kemenesmagasiltalnosiskola-hfce.hu\/index.php\/wp-json\/wp\/v2\/pages"}],"about":[{"href":"https:\/\/xn--kemenesmagasiltalnosiskola-hfce.hu\/index.php\/wp-json\/wp\/v2\/types\/page"}],"author":[{"embeddable":true,"href":"https:\/\/xn--kemenesmagasiltalnosiskola-hfce.hu\/index.php\/wp-json\/wp\/v2\/users\/1"}],"replies":[{"embeddable":true,"href":"https:\/\/xn--kemenesmagasiltalnosiskola-hfce.hu\/index.php\/wp-json\/wp\/v2\/comments?post=355"}],"version-history":[{"count":12,"href":"https:\/\/xn--kemenesmagasiltalnosiskola-hfce.hu\/index.php\/wp-json\/wp\/v2\/pages\/355\/revisions"}],"predecessor-version":[{"id":3001,"href":"https:\/\/xn--kemenesmagasiltalnosiskola-hfce.hu\/index.php\/wp-json\/wp\/v2\/pages\/355\/revisions\/3001"}],"wp:attachment":[{"href":"https:\/\/xn--kemenesmagasiltalnosiskola-hfce.hu\/index.php\/wp-json\/wp\/v2\/media?parent=355"}],"curies":[{"name":"wp","href":"https:\/\/api.w.org\/{rel}","templated":true}]}}