{"id":354,"date":"2021-09-23T21:29:32","date_gmt":"2021-09-23T21:29:32","guid":{"rendered":"https:\/\/xn--kemenesmagasiltalnosiskola-hfce.hu\/?page_id=354"},"modified":"2021-09-23T21:36:13","modified_gmt":"2021-09-23T21:36:13","slug":"bemutatasa","status":"publish","type":"page","link":"https:\/\/xn--kemenesmagasiltalnosiskola-hfce.hu\/index.php\/bemutatasa\/","title":{"rendered":"Bemutat\u00e1sa"},"content":{"rendered":"<p>Az iskol\u00e1ban a sz\u00fcl\u0151knek a k\u00f6znevel\u00e9si t\u00f6rv\u00e9nyben meghat\u00e1rozott jogaik \u00e9rv\u00e9nyes\u00edt\u00e9se, k\u00f6teless\u00e9g\u00fck teljes\u00edt\u00e9se \u00e9rdek\u00e9ben<strong>&nbsp;Sz\u00fcl\u0151i K\u00f6z\u00f6ss\u00e9g<\/strong>&nbsp;(SZK)&nbsp;<strong>m\u0171k\u00f6dik<\/strong>.<\/p>\n<p>Az oszt\u00e1lyok sz\u00fcl\u0151i k\u00f6z\u00f6ss\u00e9geit az egy oszt\u00e1lyba j\u00e1r\u00f3 tanul\u00f3k sz\u00fclei alkotj\u00e1k. K\u00e9rd\u00e9seiket, v\u00e9lem\u00e9nyeiket, javaslataikat v\u00e1lasztott k\u00e9pvisel\u0151ik (oszt\u00e1lyonk\u00e9nt 2 f\u0151) r\u00e9v\u00e9n juttatj\u00e1k el az SZK-hoz, illetve az iskolavezet\u00e9shez.<\/p>\n<p>Az iskolai SZK tagjaib\u00f3l maga v\u00e1lasztja meg tiszts\u00e9gvisel\u0151it.<\/p>\n<p>Az iskolai SZK eln\u00f6ke k\u00f6zvetlen\u00fcl az iskola igazgat\u00f3j\u00e1val tart kapcsolatot.<\/p>\n<p>Az iskolai SZK m\u0171k\u00f6d\u00e9s\u00e9nek pontos rendj\u00e9t szervezeti \u00e9s m\u0171k\u00f6d\u00e9si szab\u00e1lyzatban hat\u00e1rozza meg.<\/p>\n<p><em>Jogai:<\/em><\/p>\n<ul>\n<li>megv\u00e1lasztja saj\u00e1t tiszts\u00e9gvisel\u0151it, kialak\u00edtja saj\u00e1t m\u0171k\u00f6d\u00e9si rendj\u00e9t<\/li>\n<li>k\u00e9pviseli a sz\u00fcl\u0151ket a k\u00f6znevel\u00e9si t\u00f6rv\u00e9nyben meghat\u00e1rozott jogaik \u00e9rv\u00e9nyes\u00edt\u00e9s\u00e9ben<\/li>\n<li>v\u00e9lem\u00e9nyezi az iskola pedag\u00f3giai programj\u00e1t, munkaterv\u00e9t, h\u00e1zirendj\u00e9t, az SZMSZ azon pontjait, amelyek a sz\u00fcl\u0151kkel illetve a tanul\u00f3kkal kapcsolatosak.<\/li>\n<\/ul>\n<p>Az iskola \u00e1ltal szervezett rendezv\u00e9nyekre a Sz\u00fcl\u0151i K\u00f6z\u00f6ss\u00e9g megh\u00edv\u00e1st kap.<\/p>\n<p>Iskol\u00e1nk Sz\u00fcl\u0151i K\u00f6z\u00f6ss\u00e9ge akt\u00edvan t\u00e1mogatja a k\u00fcl\u00f6nb\u00f6z\u0151 programokat \u00e9s rendezv\u00e9nyeket, ezekhez saj\u00e1t bev\u00e9tel\u00e9b\u0151l anyagi t\u00e1mogat\u00e1st is ny\u00fajt. A Sz\u00fcl\u0151i K\u00f6z\u00f6ss\u00e9g \u00e9s a sz\u00fcl\u0151k seg\u00edts\u00e9g\u00e9re sz\u00e1m\u00edthatunk a t\u00e1rsadalmi munk\u00e1ban vagy nagyobb l\u00e9tsz\u00e1m\u00fa rendezv\u00e9nyek lebonyol\u00edt\u00e1s\u00e1ban.&nbsp;<\/p>\n<p><strong>A Sz\u00fcl\u0151i K\u00f6z\u00f6ss\u00e9g tagjai azon f\u00e1radoznak, hogy a sz\u00fcl\u0151k tev\u00e9keny r\u00e9szesei legyenek az iskola \u00fcnnepeinek \u00e9s h\u00e9tk\u00f6znapjainak<\/strong>.<\/p>\n","protected":false},"excerpt":{"rendered":"<p>Az iskol\u00e1ban a sz\u00fcl\u0151knek a k\u00f6znevel\u00e9si t\u00f6rv\u00e9nyben meghat\u00e1rozott jogaik \u00e9rv\u00e9nyes\u00edt\u00e9se, k\u00f6teless\u00e9g\u00fck teljes\u00edt\u00e9se \u00e9rdek\u00e9ben&nbsp;Sz\u00fcl\u0151i K\u00f6z\u00f6ss\u00e9g&nbsp;(SZK)&nbsp;m\u0171k\u00f6dik. Az oszt\u00e1lyok sz\u00fcl\u0151i k\u00f6z\u00f6ss\u00e9geit az egy oszt\u00e1lyba j\u00e1r\u00f3 tanul\u00f3k sz\u00fclei alkotj\u00e1k. K\u00e9rd\u00e9seiket, v\u00e9lem\u00e9nyeiket, javaslataikat v\u00e1lasztott k\u00e9pvisel\u0151ik (oszt\u00e1lyonk\u00e9nt 2 f\u0151) r\u00e9v\u00e9n juttatj\u00e1k el az SZK-hoz, illetve az iskolavezet\u00e9shez. Az iskolai SZK tagjaib\u00f3l maga v\u00e1lasztja meg tiszts\u00e9gvisel\u0151it. Az iskolai SZK eln\u00f6ke k\u00f6zvetlen\u00fcl az&#8230;<\/p>\n<p class=\"more-link-wrap\"><a href=\"https:\/\/xn--kemenesmagasiltalnosiskola-hfce.hu\/index.php\/bemutatasa\/\" class=\"more-link\">Tov\u00e1bb<span class=\"screen-reader-text\"> &ldquo;Bemutat\u00e1sa&rdquo;<\/span> &raquo;<\/a><\/p>\n","protected":false},"author":1,"featured_media":0,"parent":0,"menu_order":0,"comment_status":"closed","ping_status":"closed","template":"","meta":{"ngg_post_thumbnail":0,"footnotes":""},"class_list":["post-354","page","type-page","status-publish","hentry"],"_links":{"self":[{"href":"https:\/\/xn--kemenesmagasiltalnosiskola-hfce.hu\/index.php\/wp-json\/wp\/v2\/pages\/354","targetHints":{"allow":["GET"]}}],"collection":[{"href":"https:\/\/xn--kemenesmagasiltalnosiskola-hfce.hu\/index.php\/wp-json\/wp\/v2\/pages"}],"about":[{"href":"https:\/\/xn--kemenesmagasiltalnosiskola-hfce.hu\/index.php\/wp-json\/wp\/v2\/types\/page"}],"author":[{"embeddable":true,"href":"https:\/\/xn--kemenesmagasiltalnosiskola-hfce.hu\/index.php\/wp-json\/wp\/v2\/users\/1"}],"replies":[{"embeddable":true,"href":"https:\/\/xn--kemenesmagasiltalnosiskola-hfce.hu\/index.php\/wp-json\/wp\/v2\/comments?post=354"}],"version-history":[{"count":3,"href":"https:\/\/xn--kemenesmagasiltalnosiskola-hfce.hu\/index.php\/wp-json\/wp\/v2\/pages\/354\/revisions"}],"predecessor-version":[{"id":371,"href":"https:\/\/xn--kemenesmagasiltalnosiskola-hfce.hu\/index.php\/wp-json\/wp\/v2\/pages\/354\/revisions\/371"}],"wp:attachment":[{"href":"https:\/\/xn--kemenesmagasiltalnosiskola-hfce.hu\/index.php\/wp-json\/wp\/v2\/media?parent=354"}],"curies":[{"name":"wp","href":"https:\/\/api.w.org\/{rel}","templated":true}]}}