{"id":3002,"date":"2025-09-23T16:53:56","date_gmt":"2025-09-23T16:53:56","guid":{"rendered":"https:\/\/xn--kemenesmagasiltalnosiskola-hfce.hu\/?page_id=3002"},"modified":"2025-09-23T17:00:06","modified_gmt":"2025-09-23T17:00:06","slug":"hujbert-laszlo","status":"publish","type":"page","link":"https:\/\/xn--kemenesmagasiltalnosiskola-hfce.hu\/index.php\/hujbert-laszlo\/","title":{"rendered":"Hujbert L\u00e1szl\u00f3"},"content":{"rendered":"<p><strong>V\u00e9gzetts\u00e9g, szak:<\/strong><\/p>\n<ul>\n<li>&nbsp;<\/li>\n<\/ul>\n<p><strong>Munkak\u00f6r, megb\u00edzat\u00e1s:<\/strong><\/p>\n<ul>\n<li>testnevel\u00e9s &#8211; 2-8. oszt\u00e1ly<\/li>\n<\/ul>\n","protected":false},"excerpt":{"rendered":"<p>V\u00e9gzetts\u00e9g, szak: &nbsp; Munkak\u00f6r, megb\u00edzat\u00e1s: testnevel\u00e9s &#8211; 2-8. oszt\u00e1ly<\/p>\n","protected":false},"author":1,"featured_media":0,"parent":0,"menu_order":0,"comment_status":"closed","ping_status":"closed","template":"","meta":{"ngg_post_thumbnail":0,"footnotes":""},"class_list":["post-3002","page","type-page","status-publish","hentry"],"_links":{"self":[{"href":"https:\/\/xn--kemenesmagasiltalnosiskola-hfce.hu\/index.php\/wp-json\/wp\/v2\/pages\/3002","targetHints":{"allow":["GET"]}}],"collection":[{"href":"https:\/\/xn--kemenesmagasiltalnosiskola-hfce.hu\/index.php\/wp-json\/wp\/v2\/pages"}],"about":[{"href":"https:\/\/xn--kemenesmagasiltalnosiskola-hfce.hu\/index.php\/wp-json\/wp\/v2\/types\/page"}],"author":[{"embeddable":true,"href":"https:\/\/xn--kemenesmagasiltalnosiskola-hfce.hu\/index.php\/wp-json\/wp\/v2\/users\/1"}],"replies":[{"embeddable":true,"href":"https:\/\/xn--kemenesmagasiltalnosiskola-hfce.hu\/index.php\/wp-json\/wp\/v2\/comments?post=3002"}],"version-history":[{"count":3,"href":"https:\/\/xn--kemenesmagasiltalnosiskola-hfce.hu\/index.php\/wp-json\/wp\/v2\/pages\/3002\/revisions"}],"predecessor-version":[{"id":3011,"href":"https:\/\/xn--kemenesmagasiltalnosiskola-hfce.hu\/index.php\/wp-json\/wp\/v2\/pages\/3002\/revisions\/3011"}],"wp:attachment":[{"href":"https:\/\/xn--kemenesmagasiltalnosiskola-hfce.hu\/index.php\/wp-json\/wp\/v2\/media?parent=3002"}],"curies":[{"name":"wp","href":"https:\/\/api.w.org\/{rel}","templated":true}]}}