{"id":281,"date":"2021-09-23T20:20:14","date_gmt":"2021-09-23T20:20:14","guid":{"rendered":"https:\/\/xn--kemenesmagasiltalnosiskola-hfce.hu\/?page_id=281"},"modified":"2025-09-23T17:16:03","modified_gmt":"2025-09-23T17:16:03","slug":"palotai-laszlo","status":"publish","type":"page","link":"https:\/\/xn--kemenesmagasiltalnosiskola-hfce.hu\/index.php\/palotai-laszlo\/","title":{"rendered":"Palotai L\u00e1szl\u00f3"},"content":{"rendered":"<p><strong>V\u00e9gzetts\u00e9g, szak:<\/strong><\/p>\n<ul>\n<li>\u00e1ltal\u00e1nos iskolai tan\u00edt\u00f3 (f\u0151iskola)<\/li>\n<\/ul>\n<p><strong>Munkak\u00f6r, megb\u00edzat\u00e1s:<\/strong><\/p>\n<ul>\n<li>\u00e9nek &#8211; 4-8. oszt\u00e1ly<\/li>\n<li>dr\u00e1ma \u00e9s sz\u00ednh\u00e1z &#8211; 6. oszt\u00e1ly<\/li>\n<li>technika &#8211; 5-7. oszt\u00e1ly<\/li>\n<li>hon- \u00e9s n\u00e9pismeret &#8211; 5. oszt\u00e1ly<\/li>\n<li>3. napk\u00f6zis csoport vezet\u0151<\/li>\n<\/ul>\n","protected":false},"excerpt":{"rendered":"<p>V\u00e9gzetts\u00e9g, szak: \u00e1ltal\u00e1nos iskolai tan\u00edt\u00f3 (f\u0151iskola) Munkak\u00f6r, megb\u00edzat\u00e1s: \u00e9nek &#8211; 4-8. oszt\u00e1ly dr\u00e1ma \u00e9s sz\u00ednh\u00e1z &#8211; 6. oszt\u00e1ly technika &#8211; 5-7. oszt\u00e1ly hon- \u00e9s n\u00e9pismeret &#8211; 5. oszt\u00e1ly 3. napk\u00f6zis csoport vezet\u0151<\/p>\n","protected":false},"author":1,"featured_media":0,"parent":0,"menu_order":0,"comment_status":"closed","ping_status":"closed","template":"","meta":{"ngg_post_thumbnail":0,"footnotes":""},"class_list":["post-281","page","type-page","status-publish","hentry"],"_links":{"self":[{"href":"https:\/\/xn--kemenesmagasiltalnosiskola-hfce.hu\/index.php\/wp-json\/wp\/v2\/pages\/281","targetHints":{"allow":["GET"]}}],"collection":[{"href":"https:\/\/xn--kemenesmagasiltalnosiskola-hfce.hu\/index.php\/wp-json\/wp\/v2\/pages"}],"about":[{"href":"https:\/\/xn--kemenesmagasiltalnosiskola-hfce.hu\/index.php\/wp-json\/wp\/v2\/types\/page"}],"author":[{"embeddable":true,"href":"https:\/\/xn--kemenesmagasiltalnosiskola-hfce.hu\/index.php\/wp-json\/wp\/v2\/users\/1"}],"replies":[{"embeddable":true,"href":"https:\/\/xn--kemenesmagasiltalnosiskola-hfce.hu\/index.php\/wp-json\/wp\/v2\/comments?post=281"}],"version-history":[{"count":10,"href":"https:\/\/xn--kemenesmagasiltalnosiskola-hfce.hu\/index.php\/wp-json\/wp\/v2\/pages\/281\/revisions"}],"predecessor-version":[{"id":3020,"href":"https:\/\/xn--kemenesmagasiltalnosiskola-hfce.hu\/index.php\/wp-json\/wp\/v2\/pages\/281\/revisions\/3020"}],"wp:attachment":[{"href":"https:\/\/xn--kemenesmagasiltalnosiskola-hfce.hu\/index.php\/wp-json\/wp\/v2\/media?parent=281"}],"curies":[{"name":"wp","href":"https:\/\/api.w.org\/{rel}","templated":true}]}}