{"id":275,"date":"2021-09-23T20:20:14","date_gmt":"2021-09-23T20:20:14","guid":{"rendered":"https:\/\/xn--kemenesmagasiltalnosiskola-hfce.hu\/?page_id=275"},"modified":"2025-09-23T17:21:42","modified_gmt":"2025-09-23T17:21:42","slug":"vinczene-szelesi-aniko","status":"publish","type":"page","link":"https:\/\/xn--kemenesmagasiltalnosiskola-hfce.hu\/index.php\/vinczene-szelesi-aniko\/","title":{"rendered":"Vincz\u00e9n\u00e9 Sz\u00e9lesi Anik\u00f3"},"content":{"rendered":"<p><strong>V\u00e9gzetts\u00e9g, szak:<\/strong><\/p>\n<ul>\n<li>biol\u00f3gia tan\u00e1r szak (f\u0151iskola)<\/li>\n<li>k\u00f6rnyezetv\u00e9delem tan\u00e1r szak (f\u0151iskola)<\/li>\n<\/ul>\n<p><strong>Munkak\u00f6r, megb\u00edzat\u00e1s:<\/strong><\/p>\n<ul>\n<li>k\u00f6rnyezetismeret &#8211; 3-4. oszt\u00e1ly<\/li>\n<li>rajz &#8211; 5-8. oszt\u00e1ly<\/li>\n<li>etika &#8211; 5-6. 8. oszt\u00e1ly<\/li>\n<li>term\u00e9szettudom\u00e1ny &#8211; 5-6. oszt\u00e1ly<\/li>\n<li>biol\u00f3gia &#8211; 7-8. oszt\u00e1ly<\/li>\n<li>k\u00e9mia &#8211; 7-8. oszt\u00e1ly<\/li>\n<li>oszt\u00e1lyf\u0151n\u00f6k &#8211; 8. oszt\u00e1ly<\/li>\n<li>napk\u00f6zi -4. csoport<\/li>\n<li>D\u00d6K &#8211; seg\u00edt\u0151 tan\u00e1r<\/li>\n<\/ul>\n","protected":false},"excerpt":{"rendered":"<p>V\u00e9gzetts\u00e9g, szak: biol\u00f3gia tan\u00e1r szak (f\u0151iskola) k\u00f6rnyezetv\u00e9delem tan\u00e1r szak (f\u0151iskola) Munkak\u00f6r, megb\u00edzat\u00e1s: k\u00f6rnyezetismeret &#8211; 3-4. oszt\u00e1ly rajz &#8211; 5-8. oszt\u00e1ly etika &#8211; 5-6. 8. oszt\u00e1ly term\u00e9szettudom\u00e1ny &#8211; 5-6. oszt\u00e1ly biol\u00f3gia &#8211; 7-8. oszt\u00e1ly k\u00e9mia &#8211; 7-8. oszt\u00e1ly oszt\u00e1lyf\u0151n\u00f6k &#8211; 8. oszt\u00e1ly napk\u00f6zi -4. csoport D\u00d6K &#8211; seg\u00edt\u0151 tan\u00e1r<\/p>\n","protected":false},"author":1,"featured_media":0,"parent":0,"menu_order":0,"comment_status":"closed","ping_status":"closed","template":"","meta":{"ngg_post_thumbnail":0,"footnotes":""},"class_list":["post-275","page","type-page","status-publish","hentry"],"_links":{"self":[{"href":"https:\/\/xn--kemenesmagasiltalnosiskola-hfce.hu\/index.php\/wp-json\/wp\/v2\/pages\/275","targetHints":{"allow":["GET"]}}],"collection":[{"href":"https:\/\/xn--kemenesmagasiltalnosiskola-hfce.hu\/index.php\/wp-json\/wp\/v2\/pages"}],"about":[{"href":"https:\/\/xn--kemenesmagasiltalnosiskola-hfce.hu\/index.php\/wp-json\/wp\/v2\/types\/page"}],"author":[{"embeddable":true,"href":"https:\/\/xn--kemenesmagasiltalnosiskola-hfce.hu\/index.php\/wp-json\/wp\/v2\/users\/1"}],"replies":[{"embeddable":true,"href":"https:\/\/xn--kemenesmagasiltalnosiskola-hfce.hu\/index.php\/wp-json\/wp\/v2\/comments?post=275"}],"version-history":[{"count":11,"href":"https:\/\/xn--kemenesmagasiltalnosiskola-hfce.hu\/index.php\/wp-json\/wp\/v2\/pages\/275\/revisions"}],"predecessor-version":[{"id":3022,"href":"https:\/\/xn--kemenesmagasiltalnosiskola-hfce.hu\/index.php\/wp-json\/wp\/v2\/pages\/275\/revisions\/3022"}],"wp:attachment":[{"href":"https:\/\/xn--kemenesmagasiltalnosiskola-hfce.hu\/index.php\/wp-json\/wp\/v2\/media?parent=275"}],"curies":[{"name":"wp","href":"https:\/\/api.w.org\/{rel}","templated":true}]}}