{"id":274,"date":"2021-09-23T20:20:14","date_gmt":"2021-09-23T20:20:14","guid":{"rendered":"https:\/\/xn--kemenesmagasiltalnosiskola-hfce.hu\/?page_id=274"},"modified":"2025-09-23T17:12:49","modified_gmt":"2025-09-23T17:12:49","slug":"nagy-kovacs-katalin","status":"publish","type":"page","link":"https:\/\/xn--kemenesmagasiltalnosiskola-hfce.hu\/index.php\/nagy-kovacs-katalin\/","title":{"rendered":"Nagy-Kov\u00e1cs Katalin"},"content":{"rendered":"<p><strong>V\u00e9gzetts\u00e9g, szak:<\/strong><\/p>\n<ul>\n<li>\u00e1ltal\u00e1nos iskolai tan\u00edt\u00f3 (f\u0151iskola)<\/li>\n<\/ul>\n<p><strong>Munkak\u00f6r, megb\u00edzat\u00e1s:<\/strong><\/p>\n<ul>\n<li>napk\u00f6zi &#8211; 4. csoport<\/li>\n<li>magyar &#8211; 3-4. oszt\u00e1ly<\/li>\n<li>rajz &#8211; 2.-3. 4. oszt\u00e1ly<\/li>\n<li>technika &#8211; 4. oszt\u00e1ly<\/li>\n<li>testnevel\u00e9s &#8211; 4. oszt\u00e1ly<\/li>\n<\/ul>\n","protected":false},"excerpt":{"rendered":"<p>V\u00e9gzetts\u00e9g, szak: \u00e1ltal\u00e1nos iskolai tan\u00edt\u00f3 (f\u0151iskola) Munkak\u00f6r, megb\u00edzat\u00e1s: napk\u00f6zi &#8211; 4. csoport magyar &#8211; 3-4. oszt\u00e1ly rajz &#8211; 2.-3. 4. oszt\u00e1ly technika &#8211; 4. oszt\u00e1ly testnevel\u00e9s &#8211; 4. oszt\u00e1ly<\/p>\n","protected":false},"author":1,"featured_media":0,"parent":0,"menu_order":0,"comment_status":"closed","ping_status":"closed","template":"","meta":{"ngg_post_thumbnail":0,"footnotes":""},"class_list":["post-274","page","type-page","status-publish","hentry"],"_links":{"self":[{"href":"https:\/\/xn--kemenesmagasiltalnosiskola-hfce.hu\/index.php\/wp-json\/wp\/v2\/pages\/274","targetHints":{"allow":["GET"]}}],"collection":[{"href":"https:\/\/xn--kemenesmagasiltalnosiskola-hfce.hu\/index.php\/wp-json\/wp\/v2\/pages"}],"about":[{"href":"https:\/\/xn--kemenesmagasiltalnosiskola-hfce.hu\/index.php\/wp-json\/wp\/v2\/types\/page"}],"author":[{"embeddable":true,"href":"https:\/\/xn--kemenesmagasiltalnosiskola-hfce.hu\/index.php\/wp-json\/wp\/v2\/users\/1"}],"replies":[{"embeddable":true,"href":"https:\/\/xn--kemenesmagasiltalnosiskola-hfce.hu\/index.php\/wp-json\/wp\/v2\/comments?post=274"}],"version-history":[{"count":8,"href":"https:\/\/xn--kemenesmagasiltalnosiskola-hfce.hu\/index.php\/wp-json\/wp\/v2\/pages\/274\/revisions"}],"predecessor-version":[{"id":3019,"href":"https:\/\/xn--kemenesmagasiltalnosiskola-hfce.hu\/index.php\/wp-json\/wp\/v2\/pages\/274\/revisions\/3019"}],"wp:attachment":[{"href":"https:\/\/xn--kemenesmagasiltalnosiskola-hfce.hu\/index.php\/wp-json\/wp\/v2\/media?parent=274"}],"curies":[{"name":"wp","href":"https:\/\/api.w.org\/{rel}","templated":true}]}}