{"id":273,"date":"2021-09-23T20:20:14","date_gmt":"2021-09-23T20:20:14","guid":{"rendered":"https:\/\/xn--kemenesmagasiltalnosiskola-hfce.hu\/?page_id=273"},"modified":"2025-09-23T17:07:49","modified_gmt":"2025-09-23T17:07:49","slug":"karadi-eniko","status":"publish","type":"page","link":"https:\/\/xn--kemenesmagasiltalnosiskola-hfce.hu\/index.php\/karadi-eniko\/","title":{"rendered":"Kar\u00e1di Enik\u0151"},"content":{"rendered":"<p><strong>V\u00e9gzetts\u00e9g, szak:<\/strong><\/p>\n<ul>\n<li>geogr\u00e1fus (egyetem)<\/li>\n<li>okleveles hidrobiol\u00f3gus (egyetem)<\/li>\n<li>\u00e1ltal\u00e1nos iskolai tan\u00edt\u00f3 (folyamatban)<\/li>\n<\/ul>\n<p><strong>Munkak\u00f6r, megb\u00edzat\u00e1s:<\/strong><\/p>\n<ul>\n<li>f\u00f6ldrajz &#8211; 7-8. oszt\u00e1ly<\/li>\n<li>matematika &#8211; 3-4. oszt\u00e1ly<\/li>\n<li>testnevel\u00e9s &#8211; 5. oszt\u00e1ly<\/li>\n<li>\u00e1llampolg\u00e1ri ismeretek &#8211; 8. oszt\u00e1ly<\/li>\n<li>oszt\u00e1lyf\u0151n\u00f6k &#8211; 5. oszt\u00e1ly<\/li>\n<\/ul>\n","protected":false},"excerpt":{"rendered":"<p>V\u00e9gzetts\u00e9g, szak: geogr\u00e1fus (egyetem) okleveles hidrobiol\u00f3gus (egyetem) \u00e1ltal\u00e1nos iskolai tan\u00edt\u00f3 (folyamatban) Munkak\u00f6r, megb\u00edzat\u00e1s: f\u00f6ldrajz &#8211; 7-8. oszt\u00e1ly matematika &#8211; 3-4. oszt\u00e1ly testnevel\u00e9s &#8211; 5. oszt\u00e1ly \u00e1llampolg\u00e1ri ismeretek &#8211; 8. oszt\u00e1ly oszt\u00e1lyf\u0151n\u00f6k &#8211; 5. oszt\u00e1ly<\/p>\n","protected":false},"author":1,"featured_media":0,"parent":0,"menu_order":0,"comment_status":"closed","ping_status":"closed","template":"","meta":{"ngg_post_thumbnail":0,"footnotes":""},"class_list":["post-273","page","type-page","status-publish","hentry"],"_links":{"self":[{"href":"https:\/\/xn--kemenesmagasiltalnosiskola-hfce.hu\/index.php\/wp-json\/wp\/v2\/pages\/273","targetHints":{"allow":["GET"]}}],"collection":[{"href":"https:\/\/xn--kemenesmagasiltalnosiskola-hfce.hu\/index.php\/wp-json\/wp\/v2\/pages"}],"about":[{"href":"https:\/\/xn--kemenesmagasiltalnosiskola-hfce.hu\/index.php\/wp-json\/wp\/v2\/types\/page"}],"author":[{"embeddable":true,"href":"https:\/\/xn--kemenesmagasiltalnosiskola-hfce.hu\/index.php\/wp-json\/wp\/v2\/users\/1"}],"replies":[{"embeddable":true,"href":"https:\/\/xn--kemenesmagasiltalnosiskola-hfce.hu\/index.php\/wp-json\/wp\/v2\/comments?post=273"}],"version-history":[{"count":11,"href":"https:\/\/xn--kemenesmagasiltalnosiskola-hfce.hu\/index.php\/wp-json\/wp\/v2\/pages\/273\/revisions"}],"predecessor-version":[{"id":3016,"href":"https:\/\/xn--kemenesmagasiltalnosiskola-hfce.hu\/index.php\/wp-json\/wp\/v2\/pages\/273\/revisions\/3016"}],"wp:attachment":[{"href":"https:\/\/xn--kemenesmagasiltalnosiskola-hfce.hu\/index.php\/wp-json\/wp\/v2\/media?parent=273"}],"curies":[{"name":"wp","href":"https:\/\/api.w.org\/{rel}","templated":true}]}}