{"id":272,"date":"2021-09-23T20:20:14","date_gmt":"2021-09-23T20:20:14","guid":{"rendered":"https:\/\/xn--kemenesmagasiltalnosiskola-hfce.hu\/?page_id=272"},"modified":"2023-09-08T12:50:11","modified_gmt":"2023-09-08T12:50:11","slug":"vorosne-jordanits-marianna","status":"publish","type":"page","link":"https:\/\/xn--kemenesmagasiltalnosiskola-hfce.hu\/index.php\/vorosne-jordanits-marianna\/","title":{"rendered":"V\u00f6r\u00f6sn\u00e9 Jordanits Marianna"},"content":{"rendered":"<p>GYES<\/p>\n<p><strong>V\u00e9gzetts\u00e9g, szak:<\/strong><\/p>\n<ul>\n<li>\u00e1ltal\u00e1nos iskolai tan\u00edt\u00f3 (f\u0151iskola)<\/li>\n<\/ul>\n","protected":false},"excerpt":{"rendered":"<p>GYES V\u00e9gzetts\u00e9g, szak: \u00e1ltal\u00e1nos iskolai tan\u00edt\u00f3 (f\u0151iskola)<\/p>\n","protected":false},"author":1,"featured_media":0,"parent":0,"menu_order":0,"comment_status":"closed","ping_status":"closed","template":"","meta":{"ngg_post_thumbnail":0,"footnotes":""},"class_list":["post-272","page","type-page","status-publish","hentry"],"_links":{"self":[{"href":"https:\/\/xn--kemenesmagasiltalnosiskola-hfce.hu\/index.php\/wp-json\/wp\/v2\/pages\/272","targetHints":{"allow":["GET"]}}],"collection":[{"href":"https:\/\/xn--kemenesmagasiltalnosiskola-hfce.hu\/index.php\/wp-json\/wp\/v2\/pages"}],"about":[{"href":"https:\/\/xn--kemenesmagasiltalnosiskola-hfce.hu\/index.php\/wp-json\/wp\/v2\/types\/page"}],"author":[{"embeddable":true,"href":"https:\/\/xn--kemenesmagasiltalnosiskola-hfce.hu\/index.php\/wp-json\/wp\/v2\/users\/1"}],"replies":[{"embeddable":true,"href":"https:\/\/xn--kemenesmagasiltalnosiskola-hfce.hu\/index.php\/wp-json\/wp\/v2\/comments?post=272"}],"version-history":[{"count":6,"href":"https:\/\/xn--kemenesmagasiltalnosiskola-hfce.hu\/index.php\/wp-json\/wp\/v2\/pages\/272\/revisions"}],"predecessor-version":[{"id":1920,"href":"https:\/\/xn--kemenesmagasiltalnosiskola-hfce.hu\/index.php\/wp-json\/wp\/v2\/pages\/272\/revisions\/1920"}],"wp:attachment":[{"href":"https:\/\/xn--kemenesmagasiltalnosiskola-hfce.hu\/index.php\/wp-json\/wp\/v2\/media?parent=272"}],"curies":[{"name":"wp","href":"https:\/\/api.w.org\/{rel}","templated":true}]}}