{"id":270,"date":"2021-09-23T20:20:14","date_gmt":"2021-09-23T20:20:14","guid":{"rendered":"https:\/\/xn--kemenesmagasiltalnosiskola-hfce.hu\/?page_id=270"},"modified":"2025-09-23T17:18:14","modified_gmt":"2025-09-23T17:18:14","slug":"veszpremi-zsuzsanna","status":"publish","type":"page","link":"https:\/\/xn--kemenesmagasiltalnosiskola-hfce.hu\/index.php\/veszpremi-zsuzsanna\/","title":{"rendered":"Veszpr\u00e9mi Zsuzsanna"},"content":{"rendered":"<p><strong>V\u00e9gzetts\u00e9g, szak:<\/strong><\/p>\n<ul>\n<li>\u00e1ltal\u00e1nos iskolai tan\u00edt\u00f3 (f\u0151iskola)<\/li>\n<li>szakvizsg\u00e1zott pedag\u00f3gus, fejleszt\u0151-, differenci\u00e1l\u00f3 szakir\u00e1ny<\/li>\n<\/ul>\n<p><strong>Munkak\u00f6r, megb\u00edzat\u00e1s:<\/strong><\/p>\n<ul>\n<li>magyar &#8211; 1. oszt\u00e1ly<\/li>\n<li>matematika &#8211; 1. oszt\u00e1ly<\/li>\n<li>rajz &#8211; 1. oszt\u00e1ly<\/li>\n<li>\u00e9nek &#8211; 1. oszt\u00e1ly<\/li>\n<li>technika &#8211; 1. oszt\u00e1ly<\/li>\n<li>oszt\u00e1lyf\u0151n\u00f6k &#8211; 1. oszt\u00e1ly<\/li>\n<li>fejleszt\u0151 &#8211; als\u00f3, fels\u0151 tagozat<\/li>\n<li>oszt\u00e1lyf\u0151n\u00f6ki munkak\u00f6z\u00f6ss\u00e9g vezet\u0151<\/li>\n<\/ul>\n","protected":false},"excerpt":{"rendered":"<p>V\u00e9gzetts\u00e9g, szak: \u00e1ltal\u00e1nos iskolai tan\u00edt\u00f3 (f\u0151iskola) szakvizsg\u00e1zott pedag\u00f3gus, fejleszt\u0151-, differenci\u00e1l\u00f3 szakir\u00e1ny Munkak\u00f6r, megb\u00edzat\u00e1s: magyar &#8211; 1. oszt\u00e1ly matematika &#8211; 1. oszt\u00e1ly rajz &#8211; 1. oszt\u00e1ly \u00e9nek &#8211; 1. oszt\u00e1ly technika &#8211; 1. oszt\u00e1ly oszt\u00e1lyf\u0151n\u00f6k &#8211; 1. oszt\u00e1ly fejleszt\u0151 &#8211; als\u00f3, fels\u0151 tagozat oszt\u00e1lyf\u0151n\u00f6ki munkak\u00f6z\u00f6ss\u00e9g vezet\u0151<\/p>\n","protected":false},"author":1,"featured_media":0,"parent":0,"menu_order":0,"comment_status":"closed","ping_status":"closed","template":"","meta":{"ngg_post_thumbnail":0,"footnotes":""},"class_list":["post-270","page","type-page","status-publish","hentry"],"_links":{"self":[{"href":"https:\/\/xn--kemenesmagasiltalnosiskola-hfce.hu\/index.php\/wp-json\/wp\/v2\/pages\/270","targetHints":{"allow":["GET"]}}],"collection":[{"href":"https:\/\/xn--kemenesmagasiltalnosiskola-hfce.hu\/index.php\/wp-json\/wp\/v2\/pages"}],"about":[{"href":"https:\/\/xn--kemenesmagasiltalnosiskola-hfce.hu\/index.php\/wp-json\/wp\/v2\/types\/page"}],"author":[{"embeddable":true,"href":"https:\/\/xn--kemenesmagasiltalnosiskola-hfce.hu\/index.php\/wp-json\/wp\/v2\/users\/1"}],"replies":[{"embeddable":true,"href":"https:\/\/xn--kemenesmagasiltalnosiskola-hfce.hu\/index.php\/wp-json\/wp\/v2\/comments?post=270"}],"version-history":[{"count":10,"href":"https:\/\/xn--kemenesmagasiltalnosiskola-hfce.hu\/index.php\/wp-json\/wp\/v2\/pages\/270\/revisions"}],"predecessor-version":[{"id":3021,"href":"https:\/\/xn--kemenesmagasiltalnosiskola-hfce.hu\/index.php\/wp-json\/wp\/v2\/pages\/270\/revisions\/3021"}],"wp:attachment":[{"href":"https:\/\/xn--kemenesmagasiltalnosiskola-hfce.hu\/index.php\/wp-json\/wp\/v2\/media?parent=270"}],"curies":[{"name":"wp","href":"https:\/\/api.w.org\/{rel}","templated":true}]}}