{"id":262,"date":"2021-09-23T20:13:47","date_gmt":"2021-09-23T20:13:47","guid":{"rendered":"https:\/\/xn--kemenesmagasiltalnosiskola-hfce.hu\/?page_id=262"},"modified":"2024-09-01T16:23:53","modified_gmt":"2024-09-01T16:23:53","slug":"halasz-ferenc-mb-igazgato","status":"publish","type":"page","link":"https:\/\/xn--kemenesmagasiltalnosiskola-hfce.hu\/index.php\/halasz-ferenc-mb-igazgato\/","title":{"rendered":"Hal\u00e1sz Ferenc &#8211; igazgat\u00f3"},"content":{"rendered":"<p><strong>V\u00e9gzetts\u00e9g, szak:<\/strong><\/p>\n<ul>\n<li>Okleveles t\u00f6rt\u00e9nelem szakos tan\u00e1r (egyetem)<\/li>\n<li>Okleveles technikai, \u00e9letvitel- \u00e9s gyakorlat szakos tan\u00e1r (egyetem)<\/li>\n<li>K\u00f6zoktat\u00e1s vezet\u0151 (szakvizsga)<\/li>\n<\/ul>\n<p><strong>Munkak\u00f6r, megb\u00edzat\u00e1s:<\/strong><\/p>\n<ul>\n<li>t\u00f6rt\u00e9nelem &#8211; 5-8. oszt\u00e1ly<\/li>\n<\/ul>\n","protected":false},"excerpt":{"rendered":"<p>V\u00e9gzetts\u00e9g, szak: Okleveles t\u00f6rt\u00e9nelem szakos tan\u00e1r (egyetem) Okleveles technikai, \u00e9letvitel- \u00e9s gyakorlat szakos tan\u00e1r (egyetem) K\u00f6zoktat\u00e1s vezet\u0151 (szakvizsga) Munkak\u00f6r, megb\u00edzat\u00e1s: t\u00f6rt\u00e9nelem &#8211; 5-8. oszt\u00e1ly<\/p>\n","protected":false},"author":1,"featured_media":0,"parent":0,"menu_order":0,"comment_status":"closed","ping_status":"closed","template":"","meta":{"ngg_post_thumbnail":0,"footnotes":""},"class_list":["post-262","page","type-page","status-publish","hentry"],"_links":{"self":[{"href":"https:\/\/xn--kemenesmagasiltalnosiskola-hfce.hu\/index.php\/wp-json\/wp\/v2\/pages\/262","targetHints":{"allow":["GET"]}}],"collection":[{"href":"https:\/\/xn--kemenesmagasiltalnosiskola-hfce.hu\/index.php\/wp-json\/wp\/v2\/pages"}],"about":[{"href":"https:\/\/xn--kemenesmagasiltalnosiskola-hfce.hu\/index.php\/wp-json\/wp\/v2\/types\/page"}],"author":[{"embeddable":true,"href":"https:\/\/xn--kemenesmagasiltalnosiskola-hfce.hu\/index.php\/wp-json\/wp\/v2\/users\/1"}],"replies":[{"embeddable":true,"href":"https:\/\/xn--kemenesmagasiltalnosiskola-hfce.hu\/index.php\/wp-json\/wp\/v2\/comments?post=262"}],"version-history":[{"count":12,"href":"https:\/\/xn--kemenesmagasiltalnosiskola-hfce.hu\/index.php\/wp-json\/wp\/v2\/pages\/262\/revisions"}],"predecessor-version":[{"id":2461,"href":"https:\/\/xn--kemenesmagasiltalnosiskola-hfce.hu\/index.php\/wp-json\/wp\/v2\/pages\/262\/revisions\/2461"}],"wp:attachment":[{"href":"https:\/\/xn--kemenesmagasiltalnosiskola-hfce.hu\/index.php\/wp-json\/wp\/v2\/media?parent=262"}],"curies":[{"name":"wp","href":"https:\/\/api.w.org\/{rel}","templated":true}]}}