{"id":2482,"date":"2024-09-01T16:54:11","date_gmt":"2024-09-01T16:54:11","guid":{"rendered":"https:\/\/xn--kemenesmagasiltalnosiskola-hfce.hu\/?page_id=2482"},"modified":"2025-09-23T16:09:59","modified_gmt":"2025-09-23T16:09:59","slug":"1-osztaly-4","status":"publish","type":"page","link":"https:\/\/xn--kemenesmagasiltalnosiskola-hfce.hu\/index.php\/1-osztaly-4\/","title":{"rendered":"2. oszt\u00e1ly"},"content":{"rendered":"<h5 style=\"text-align: center;\"><span style=\"color: #008000;\">Oszt\u00e1lyf\u0151n\u00f6k: Gyenge Katalin<\/span><\/h5>\n<h5 style=\"text-align: center;\"><span style=\"color: #008000;\">Napk\u00f6zis csoportvezet\u0151: Heizler Daniella<\/span><\/h5>\n<h5 style=\"text-align: center;\">Horv\u00e1th Gy\u00f6ngyv\u00e9r<\/h5>\n<h5 style=\"text-align: center;\">Horv\u00e1th Kiara<\/h5>\n<h5 style=\"text-align: center;\">Horv\u00e1th Zo\u00e9<\/h5>\n<h5 style=\"text-align: center;\">Hump\u00f3k M\u00e1t\u00e9<\/h5>\n<h5 style=\"text-align: center;\">Koz\u00e1k Kriszti\u00e1n M\u00e1rk<\/h5>\n<h5 style=\"text-align: center;\">Nagykutasi Mira<\/h5>\n<h5 style=\"text-align: center;\">N\u00e9meth Bence<\/h5>\n<h5 style=\"text-align: center;\">Talab\u00e9r Noel<\/h5>\n<h5 style=\"text-align: center;\">Toki M\u00e1rton R\u00f3bert<\/h5>\n<h5 style=\"text-align: center;\">Varga S\u00e1ndor R\u00f3bert<\/h5>\n<h5 style=\"text-align: center;\">&nbsp;<\/h5>\n","protected":false},"excerpt":{"rendered":"<p>Oszt\u00e1lyf\u0151n\u00f6k: Gyenge Katalin Napk\u00f6zis csoportvezet\u0151: Heizler Daniella Horv\u00e1th Gy\u00f6ngyv\u00e9r Horv\u00e1th Kiara Horv\u00e1th Zo\u00e9 Hump\u00f3k M\u00e1t\u00e9 Koz\u00e1k Kriszti\u00e1n M\u00e1rk Nagykutasi Mira N\u00e9meth Bence Talab\u00e9r Noel Toki M\u00e1rton R\u00f3bert Varga S\u00e1ndor R\u00f3bert &nbsp;<\/p>\n","protected":false},"author":1,"featured_media":0,"parent":0,"menu_order":0,"comment_status":"closed","ping_status":"closed","template":"","meta":{"ngg_post_thumbnail":0,"footnotes":""},"class_list":["post-2482","page","type-page","status-publish","hentry"],"_links":{"self":[{"href":"https:\/\/xn--kemenesmagasiltalnosiskola-hfce.hu\/index.php\/wp-json\/wp\/v2\/pages\/2482","targetHints":{"allow":["GET"]}}],"collection":[{"href":"https:\/\/xn--kemenesmagasiltalnosiskola-hfce.hu\/index.php\/wp-json\/wp\/v2\/pages"}],"about":[{"href":"https:\/\/xn--kemenesmagasiltalnosiskola-hfce.hu\/index.php\/wp-json\/wp\/v2\/types\/page"}],"author":[{"embeddable":true,"href":"https:\/\/xn--kemenesmagasiltalnosiskola-hfce.hu\/index.php\/wp-json\/wp\/v2\/users\/1"}],"replies":[{"embeddable":true,"href":"https:\/\/xn--kemenesmagasiltalnosiskola-hfce.hu\/index.php\/wp-json\/wp\/v2\/comments?post=2482"}],"version-history":[{"count":4,"href":"https:\/\/xn--kemenesmagasiltalnosiskola-hfce.hu\/index.php\/wp-json\/wp\/v2\/pages\/2482\/revisions"}],"predecessor-version":[{"id":2988,"href":"https:\/\/xn--kemenesmagasiltalnosiskola-hfce.hu\/index.php\/wp-json\/wp\/v2\/pages\/2482\/revisions\/2988"}],"wp:attachment":[{"href":"https:\/\/xn--kemenesmagasiltalnosiskola-hfce.hu\/index.php\/wp-json\/wp\/v2\/media?parent=2482"}],"curies":[{"name":"wp","href":"https:\/\/api.w.org\/{rel}","templated":true}]}}