{"id":1921,"date":"2023-09-08T12:50:45","date_gmt":"2023-09-08T12:50:45","guid":{"rendered":"https:\/\/xn--kemenesmagasiltalnosiskola-hfce.hu\/?page_id=1921"},"modified":"2025-09-23T17:08:14","modified_gmt":"2025-09-23T17:08:14","slug":"molnar-csaba","status":"publish","type":"page","link":"https:\/\/xn--kemenesmagasiltalnosiskola-hfce.hu\/index.php\/molnar-csaba\/","title":{"rendered":"Moln\u00e1r Csaba"},"content":{"rendered":"<p><strong>V\u00e9gzetts\u00e9g, szak:<\/strong><\/p>\n<ul>\n<li>\u00e1ltal\u00e1nos iskolai n\u00e9met nyelvoktat\u00f3 tan\u00edt\u00f3<\/li>\n<li>tan\u00edt\u00f3<\/li>\n<\/ul>\n<p><strong>Munkak\u00f6r, megb\u00edzat\u00e1s:<\/strong><\/p>\n<ul>\n<li>n\u00e9met &#8211; 5-8. oszt\u00e1ly<\/li>\n<\/ul>\n","protected":false},"excerpt":{"rendered":"<p>V\u00e9gzetts\u00e9g, szak: \u00e1ltal\u00e1nos iskolai n\u00e9met nyelvoktat\u00f3 tan\u00edt\u00f3 tan\u00edt\u00f3 Munkak\u00f6r, megb\u00edzat\u00e1s: n\u00e9met &#8211; 5-8. oszt\u00e1ly<\/p>\n","protected":false},"author":1,"featured_media":0,"parent":0,"menu_order":0,"comment_status":"closed","ping_status":"closed","template":"","meta":{"ngg_post_thumbnail":0,"footnotes":""},"class_list":["post-1921","page","type-page","status-publish","hentry"],"_links":{"self":[{"href":"https:\/\/xn--kemenesmagasiltalnosiskola-hfce.hu\/index.php\/wp-json\/wp\/v2\/pages\/1921","targetHints":{"allow":["GET"]}}],"collection":[{"href":"https:\/\/xn--kemenesmagasiltalnosiskola-hfce.hu\/index.php\/wp-json\/wp\/v2\/pages"}],"about":[{"href":"https:\/\/xn--kemenesmagasiltalnosiskola-hfce.hu\/index.php\/wp-json\/wp\/v2\/types\/page"}],"author":[{"embeddable":true,"href":"https:\/\/xn--kemenesmagasiltalnosiskola-hfce.hu\/index.php\/wp-json\/wp\/v2\/users\/1"}],"replies":[{"embeddable":true,"href":"https:\/\/xn--kemenesmagasiltalnosiskola-hfce.hu\/index.php\/wp-json\/wp\/v2\/comments?post=1921"}],"version-history":[{"count":5,"href":"https:\/\/xn--kemenesmagasiltalnosiskola-hfce.hu\/index.php\/wp-json\/wp\/v2\/pages\/1921\/revisions"}],"predecessor-version":[{"id":3017,"href":"https:\/\/xn--kemenesmagasiltalnosiskola-hfce.hu\/index.php\/wp-json\/wp\/v2\/pages\/1921\/revisions\/3017"}],"wp:attachment":[{"href":"https:\/\/xn--kemenesmagasiltalnosiskola-hfce.hu\/index.php\/wp-json\/wp\/v2\/media?parent=1921"}],"curies":[{"name":"wp","href":"https:\/\/api.w.org\/{rel}","templated":true}]}}