{"id":1914,"date":"2023-09-08T12:43:23","date_gmt":"2023-09-08T12:43:23","guid":{"rendered":"https:\/\/xn--kemenesmagasiltalnosiskola-hfce.hu\/?page_id=1914"},"modified":"2025-09-23T16:11:44","modified_gmt":"2025-09-23T16:11:44","slug":"1-osztaly-3","status":"publish","type":"page","link":"https:\/\/xn--kemenesmagasiltalnosiskola-hfce.hu\/index.php\/1-osztaly-3\/","title":{"rendered":"3. oszt\u00e1ly"},"content":{"rendered":"<h5 style=\"text-align: center;\"><span style=\"color: #008000;\">Oszt\u00e1lyf\u0151n\u00f6k: Gyenge Katalin<\/span><\/h5>\n<h5 style=\"text-align: center;\"><span style=\"color: #008000;\">Napk\u00f6zis csoportvezet\u0151: Heizler Daniella<\/span><\/h5>\n<h5 style=\"text-align: center;\">B\u00e1lint Dominik<\/h5>\n<h5 style=\"text-align: center;\">Gyalogh M\u00e1ty\u00e1s<\/h5>\n<h5 style=\"text-align: center;\">Hal\u00e1sz Fanni<\/h5>\n<h5 style=\"text-align: center;\">Hal\u00e1sz Fl\u00f3ra<\/h5>\n<h5 style=\"text-align: center;\">Horv\u00e1th Bence<\/h5>\n<h5 style=\"text-align: center;\">Horv\u00e1th Fl\u00f3ra<\/h5>\n<h5 style=\"text-align: center;\">Kov\u00e1cs Gerg\u0151 J\u00f3zsef<\/h5>\n<h5 style=\"text-align: center;\">Leposa Nimr\u00f3d<\/h5>\n<h5 style=\"text-align: center;\">M\u00f3rocz Zal\u00e1n<\/h5>\n<h5 style=\"text-align: center;\">Peresznyei Erik<\/h5>\n<h5 style=\"text-align: center;\">Pongr\u00e1cz Gr\u00e9ta<\/h5>\n<h5 style=\"text-align: center;\">R\u00e9vai D\u00f3ra<\/h5>\n<h5 style=\"text-align: center;\">T\u00f3th \u00c1d\u00e1m<\/h5>\n<h5 style=\"text-align: center;\">T\u00f6r\u00f6k Marcell<\/h5>\n<p>&nbsp;<\/p>\n","protected":false},"excerpt":{"rendered":"<p>Oszt\u00e1lyf\u0151n\u00f6k: Gyenge Katalin Napk\u00f6zis csoportvezet\u0151: Heizler Daniella B\u00e1lint Dominik Gyalogh M\u00e1ty\u00e1s Hal\u00e1sz Fanni Hal\u00e1sz Fl\u00f3ra Horv\u00e1th Bence Horv\u00e1th Fl\u00f3ra Kov\u00e1cs Gerg\u0151 J\u00f3zsef Leposa Nimr\u00f3d M\u00f3rocz Zal\u00e1n Peresznyei Erik Pongr\u00e1cz Gr\u00e9ta R\u00e9vai D\u00f3ra T\u00f3th \u00c1d\u00e1m T\u00f6r\u00f6k Marcell &nbsp;<\/p>\n","protected":false},"author":1,"featured_media":0,"parent":0,"menu_order":0,"comment_status":"closed","ping_status":"closed","template":"","meta":{"ngg_post_thumbnail":0,"footnotes":""},"class_list":["post-1914","page","type-page","status-publish","hentry"],"_links":{"self":[{"href":"https:\/\/xn--kemenesmagasiltalnosiskola-hfce.hu\/index.php\/wp-json\/wp\/v2\/pages\/1914","targetHints":{"allow":["GET"]}}],"collection":[{"href":"https:\/\/xn--kemenesmagasiltalnosiskola-hfce.hu\/index.php\/wp-json\/wp\/v2\/pages"}],"about":[{"href":"https:\/\/xn--kemenesmagasiltalnosiskola-hfce.hu\/index.php\/wp-json\/wp\/v2\/types\/page"}],"author":[{"embeddable":true,"href":"https:\/\/xn--kemenesmagasiltalnosiskola-hfce.hu\/index.php\/wp-json\/wp\/v2\/users\/1"}],"replies":[{"embeddable":true,"href":"https:\/\/xn--kemenesmagasiltalnosiskola-hfce.hu\/index.php\/wp-json\/wp\/v2\/comments?post=1914"}],"version-history":[{"count":5,"href":"https:\/\/xn--kemenesmagasiltalnosiskola-hfce.hu\/index.php\/wp-json\/wp\/v2\/pages\/1914\/revisions"}],"predecessor-version":[{"id":2989,"href":"https:\/\/xn--kemenesmagasiltalnosiskola-hfce.hu\/index.php\/wp-json\/wp\/v2\/pages\/1914\/revisions\/2989"}],"wp:attachment":[{"href":"https:\/\/xn--kemenesmagasiltalnosiskola-hfce.hu\/index.php\/wp-json\/wp\/v2\/media?parent=1914"}],"curies":[{"name":"wp","href":"https:\/\/api.w.org\/{rel}","templated":true}]}}