{"id":1541,"date":"2022-10-06T19:30:11","date_gmt":"2022-10-06T19:30:11","guid":{"rendered":"https:\/\/xn--kemenesmagasiltalnosiskola-hfce.hu\/?page_id=1541"},"modified":"2024-09-01T16:30:35","modified_gmt":"2024-09-01T16:30:35","slug":"riczinger-janos","status":"publish","type":"page","link":"https:\/\/xn--kemenesmagasiltalnosiskola-hfce.hu\/index.php\/riczinger-janos\/","title":{"rendered":"Riczinger J\u00e1nos"},"content":{"rendered":"<p>V\u00e9gzetts\u00e9g, szak:<\/p>\n<ul>\n<li>rendszerinformatikus, technika tan\u00e1r (f\u0151iskola)<\/li>\n<li>okleveles technika tan\u00e1r (egyetem)<\/li>\n<\/ul>\n<p>Munkak\u00f6r, megb\u00edzat\u00e1s:<\/p>\n<ul>\n<li>digit\u00e1lis kult\u00fara &#8211; 3-8. oszt\u00e1ly<\/li>\n<li>napk\u00f6zi &#8211; 4. csoport<\/li>\n<\/ul>\n","protected":false},"excerpt":{"rendered":"<p>V\u00e9gzetts\u00e9g, szak: rendszerinformatikus, technika tan\u00e1r (f\u0151iskola) okleveles technika tan\u00e1r (egyetem) Munkak\u00f6r, megb\u00edzat\u00e1s: digit\u00e1lis kult\u00fara &#8211; 3-8. oszt\u00e1ly napk\u00f6zi &#8211; 4. csoport<\/p>\n","protected":false},"author":1,"featured_media":0,"parent":0,"menu_order":0,"comment_status":"closed","ping_status":"closed","template":"","meta":{"ngg_post_thumbnail":0,"footnotes":""},"class_list":["post-1541","page","type-page","status-publish","hentry"],"_links":{"self":[{"href":"https:\/\/xn--kemenesmagasiltalnosiskola-hfce.hu\/index.php\/wp-json\/wp\/v2\/pages\/1541","targetHints":{"allow":["GET"]}}],"collection":[{"href":"https:\/\/xn--kemenesmagasiltalnosiskola-hfce.hu\/index.php\/wp-json\/wp\/v2\/pages"}],"about":[{"href":"https:\/\/xn--kemenesmagasiltalnosiskola-hfce.hu\/index.php\/wp-json\/wp\/v2\/types\/page"}],"author":[{"embeddable":true,"href":"https:\/\/xn--kemenesmagasiltalnosiskola-hfce.hu\/index.php\/wp-json\/wp\/v2\/users\/1"}],"replies":[{"embeddable":true,"href":"https:\/\/xn--kemenesmagasiltalnosiskola-hfce.hu\/index.php\/wp-json\/wp\/v2\/comments?post=1541"}],"version-history":[{"count":6,"href":"https:\/\/xn--kemenesmagasiltalnosiskola-hfce.hu\/index.php\/wp-json\/wp\/v2\/pages\/1541\/revisions"}],"predecessor-version":[{"id":2469,"href":"https:\/\/xn--kemenesmagasiltalnosiskola-hfce.hu\/index.php\/wp-json\/wp\/v2\/pages\/1541\/revisions\/2469"}],"wp:attachment":[{"href":"https:\/\/xn--kemenesmagasiltalnosiskola-hfce.hu\/index.php\/wp-json\/wp\/v2\/media?parent=1541"}],"curies":[{"name":"wp","href":"https:\/\/api.w.org\/{rel}","templated":true}]}}