{"id":1503,"date":"2022-10-06T18:21:26","date_gmt":"2022-10-06T18:21:26","guid":{"rendered":"https:\/\/xn--kemenesmagasiltalnosiskola-hfce.hu\/?page_id=1503"},"modified":"2025-09-23T17:30:21","modified_gmt":"2025-09-23T17:30:21","slug":"gyenge-katalin","status":"publish","type":"page","link":"https:\/\/xn--kemenesmagasiltalnosiskola-hfce.hu\/index.php\/gyenge-katalin\/","title":{"rendered":"Gyenge Katalin"},"content":{"rendered":"<p>V\u00e9gzetts\u00e9g, szak:<\/p>\n<ul>\n<li>\u00e1ltal\u00e1nos iskolai tan\u00edt\u00f3 (f\u0151iskola)<\/li>\n<li>k\u00f6zoktat\u00e1s vezet\u0151 (szakvizsga)<\/li>\n<\/ul>\n<p>Munkak\u00f6r, megb\u00edzat\u00e1s:<\/p>\n<ul>\n<li>oszt\u00e1lyf\u0151n\u00f6k &#8211; 2.-3. oszt\u00e1ly<\/li>\n<li>magyar &#8211; 2. oszt\u00e1ly<\/li>\n<li>matematika &#8211; 2. oszt\u00e1ly<\/li>\n<li>etika &#8211; 2-3. oszt\u00e1ly<\/li>\n<li>testnevel\u00e9s &#8211; 2.-3. oszt\u00e1ly<\/li>\n<li>technika &#8211; 2.-3. oszt\u00e1ly<\/li>\n<li>napk\u00f6zi &#8211; 4. csoport<\/li>\n<\/ul>\n","protected":false},"excerpt":{"rendered":"<p>V\u00e9gzetts\u00e9g, szak: \u00e1ltal\u00e1nos iskolai tan\u00edt\u00f3 (f\u0151iskola) k\u00f6zoktat\u00e1s vezet\u0151 (szakvizsga) Munkak\u00f6r, megb\u00edzat\u00e1s: oszt\u00e1lyf\u0151n\u00f6k &#8211; 2.-3. oszt\u00e1ly magyar &#8211; 2. oszt\u00e1ly matematika &#8211; 2. oszt\u00e1ly etika &#8211; 2-3. oszt\u00e1ly testnevel\u00e9s &#8211; 2.-3. oszt\u00e1ly technika &#8211; 2.-3. oszt\u00e1ly napk\u00f6zi &#8211; 4. csoport<\/p>\n","protected":false},"author":1,"featured_media":0,"parent":0,"menu_order":0,"comment_status":"closed","ping_status":"closed","template":"","meta":{"ngg_post_thumbnail":0,"footnotes":""},"class_list":["post-1503","page","type-page","status-publish","hentry"],"_links":{"self":[{"href":"https:\/\/xn--kemenesmagasiltalnosiskola-hfce.hu\/index.php\/wp-json\/wp\/v2\/pages\/1503","targetHints":{"allow":["GET"]}}],"collection":[{"href":"https:\/\/xn--kemenesmagasiltalnosiskola-hfce.hu\/index.php\/wp-json\/wp\/v2\/pages"}],"about":[{"href":"https:\/\/xn--kemenesmagasiltalnosiskola-hfce.hu\/index.php\/wp-json\/wp\/v2\/types\/page"}],"author":[{"embeddable":true,"href":"https:\/\/xn--kemenesmagasiltalnosiskola-hfce.hu\/index.php\/wp-json\/wp\/v2\/users\/1"}],"replies":[{"embeddable":true,"href":"https:\/\/xn--kemenesmagasiltalnosiskola-hfce.hu\/index.php\/wp-json\/wp\/v2\/comments?post=1503"}],"version-history":[{"count":10,"href":"https:\/\/xn--kemenesmagasiltalnosiskola-hfce.hu\/index.php\/wp-json\/wp\/v2\/pages\/1503\/revisions"}],"predecessor-version":[{"id":3023,"href":"https:\/\/xn--kemenesmagasiltalnosiskola-hfce.hu\/index.php\/wp-json\/wp\/v2\/pages\/1503\/revisions\/3023"}],"wp:attachment":[{"href":"https:\/\/xn--kemenesmagasiltalnosiskola-hfce.hu\/index.php\/wp-json\/wp\/v2\/media?parent=1503"}],"curies":[{"name":"wp","href":"https:\/\/api.w.org\/{rel}","templated":true}]}}