{"id":1502,"date":"2022-10-06T18:21:26","date_gmt":"2022-10-06T18:21:26","guid":{"rendered":"https:\/\/xn--kemenesmagasiltalnosiskola-hfce.hu\/?page_id=1502"},"modified":"2025-09-23T17:09:35","modified_gmt":"2025-09-23T17:09:35","slug":"nagy-laszlo","status":"publish","type":"page","link":"https:\/\/xn--kemenesmagasiltalnosiskola-hfce.hu\/index.php\/nagy-laszlo\/","title":{"rendered":"Nagy L\u00e1szl\u00f3"},"content":{"rendered":"<p>V\u00e9gzetts\u00e9g, szak:<\/p>\n<p>okleveles k\u00f6zleked\u00e9si m\u0171szaki tan\u00e1r (f\u0151iskola)<\/p>\n<p>Munkak\u00f6r, megb\u00edzat\u00e1s:<\/p>\n<ul>\n<li>matematika &#8211; 5-8. oszt\u00e1ly<\/li>\n<li>fizika &#8211; 7-8. oszt\u00e1ly<\/li>\n<li>etika &#8211; 7. oszt\u00e1ly<\/li>\n<li>oszt\u00e1lyf\u0151n\u00f6k &#8211; 7. oszt\u00e1ly<\/li>\n<\/ul>\n","protected":false},"excerpt":{"rendered":"<p>V\u00e9gzetts\u00e9g, szak: okleveles k\u00f6zleked\u00e9si m\u0171szaki tan\u00e1r (f\u0151iskola) Munkak\u00f6r, megb\u00edzat\u00e1s: matematika &#8211; 5-8. oszt\u00e1ly fizika &#8211; 7-8. oszt\u00e1ly etika &#8211; 7. oszt\u00e1ly oszt\u00e1lyf\u0151n\u00f6k &#8211; 7. oszt\u00e1ly<\/p>\n","protected":false},"author":1,"featured_media":0,"parent":0,"menu_order":0,"comment_status":"closed","ping_status":"closed","template":"","meta":{"ngg_post_thumbnail":0,"footnotes":""},"class_list":["post-1502","page","type-page","status-publish","hentry"],"_links":{"self":[{"href":"https:\/\/xn--kemenesmagasiltalnosiskola-hfce.hu\/index.php\/wp-json\/wp\/v2\/pages\/1502","targetHints":{"allow":["GET"]}}],"collection":[{"href":"https:\/\/xn--kemenesmagasiltalnosiskola-hfce.hu\/index.php\/wp-json\/wp\/v2\/pages"}],"about":[{"href":"https:\/\/xn--kemenesmagasiltalnosiskola-hfce.hu\/index.php\/wp-json\/wp\/v2\/types\/page"}],"author":[{"embeddable":true,"href":"https:\/\/xn--kemenesmagasiltalnosiskola-hfce.hu\/index.php\/wp-json\/wp\/v2\/users\/1"}],"replies":[{"embeddable":true,"href":"https:\/\/xn--kemenesmagasiltalnosiskola-hfce.hu\/index.php\/wp-json\/wp\/v2\/comments?post=1502"}],"version-history":[{"count":11,"href":"https:\/\/xn--kemenesmagasiltalnosiskola-hfce.hu\/index.php\/wp-json\/wp\/v2\/pages\/1502\/revisions"}],"predecessor-version":[{"id":3018,"href":"https:\/\/xn--kemenesmagasiltalnosiskola-hfce.hu\/index.php\/wp-json\/wp\/v2\/pages\/1502\/revisions\/3018"}],"wp:attachment":[{"href":"https:\/\/xn--kemenesmagasiltalnosiskola-hfce.hu\/index.php\/wp-json\/wp\/v2\/media?parent=1502"}],"curies":[{"name":"wp","href":"https:\/\/api.w.org\/{rel}","templated":true}]}}