{"id":1487,"date":"2022-10-06T13:42:57","date_gmt":"2022-10-06T13:42:57","guid":{"rendered":"https:\/\/xn--kemenesmagasiltalnosiskola-hfce.hu\/?page_id=1487"},"modified":"2025-09-23T16:12:48","modified_gmt":"2025-09-23T16:12:48","slug":"1-osztaly-2","status":"publish","type":"page","link":"https:\/\/xn--kemenesmagasiltalnosiskola-hfce.hu\/index.php\/1-osztaly-2\/","title":{"rendered":"4. oszt\u00e1ly"},"content":{"rendered":"<h5 style=\"text-align: center;\"><span style=\"color: #008000;\">Oszt\u00e1lyf\u0151n\u00f6k: Nagy-Kov\u00e1cs Katalin<\/span><\/h5>\n<h5 style=\"text-align: center;\"><span style=\"color: #008000;\">Napk\u00f6zis csoportvezet\u0151: Palotai L\u00e1szl\u00f3<\/span><\/h5>\n<h5 style=\"text-align: center;\">B\u00e1lint Levente<\/h5>\n<h5 style=\"text-align: center;\">Berki Natali Melinda<\/h5>\n<h5 style=\"text-align: center;\">Hal\u00e1sz Ferenc<\/h5>\n<h5 style=\"text-align: center;\">Herber Dominik<\/h5>\n<h5 style=\"text-align: center;\">Horv\u00e1th Leila Kira<\/h5>\n<h5 style=\"text-align: center;\">Ign\u00e1cz M\u00e1rton<\/h5>\n<h5 style=\"text-align: center;\">Kocsi L\u00e1szl\u00f3<\/h5>\n<h5 style=\"text-align: center;\">M\u00e1y Csenge<\/h5>\n<h5 style=\"text-align: center;\">Nagy Vince<\/h5>\n<h5 style=\"text-align: center;\">N\u00e9meth Hanna<\/h5>\n<h5 style=\"text-align: center;\">S\u00fcmegi Csenge Vir\u00e1g<\/h5>\n<h5 style=\"text-align: center;\">Szab\u00f3 \u00c1d\u00e1m<\/h5>\n<h5 style=\"text-align: center;\">M\u00e1ty\u00e1s Benett<\/h5>\n<h5 style=\"text-align: center;\">Tark\u00f3 J\u00e1zmin Szofia<\/h5>\n<p>&nbsp;<\/p>\n","protected":false},"excerpt":{"rendered":"<p>Oszt\u00e1lyf\u0151n\u00f6k: Nagy-Kov\u00e1cs Katalin Napk\u00f6zis csoportvezet\u0151: Palotai L\u00e1szl\u00f3 B\u00e1lint Levente Berki Natali Melinda Hal\u00e1sz Ferenc Herber Dominik Horv\u00e1th Leila Kira Ign\u00e1cz M\u00e1rton Kocsi L\u00e1szl\u00f3 M\u00e1y Csenge Nagy Vince N\u00e9meth Hanna S\u00fcmegi Csenge Vir\u00e1g Szab\u00f3 \u00c1d\u00e1m M\u00e1ty\u00e1s Benett Tark\u00f3 J\u00e1zmin Szofia &nbsp;<\/p>\n","protected":false},"author":1,"featured_media":0,"parent":0,"menu_order":0,"comment_status":"closed","ping_status":"closed","template":"","meta":{"ngg_post_thumbnail":0,"footnotes":""},"class_list":["post-1487","page","type-page","status-publish","hentry"],"_links":{"self":[{"href":"https:\/\/xn--kemenesmagasiltalnosiskola-hfce.hu\/index.php\/wp-json\/wp\/v2\/pages\/1487","targetHints":{"allow":["GET"]}}],"collection":[{"href":"https:\/\/xn--kemenesmagasiltalnosiskola-hfce.hu\/index.php\/wp-json\/wp\/v2\/pages"}],"about":[{"href":"https:\/\/xn--kemenesmagasiltalnosiskola-hfce.hu\/index.php\/wp-json\/wp\/v2\/types\/page"}],"author":[{"embeddable":true,"href":"https:\/\/xn--kemenesmagasiltalnosiskola-hfce.hu\/index.php\/wp-json\/wp\/v2\/users\/1"}],"replies":[{"embeddable":true,"href":"https:\/\/xn--kemenesmagasiltalnosiskola-hfce.hu\/index.php\/wp-json\/wp\/v2\/comments?post=1487"}],"version-history":[{"count":6,"href":"https:\/\/xn--kemenesmagasiltalnosiskola-hfce.hu\/index.php\/wp-json\/wp\/v2\/pages\/1487\/revisions"}],"predecessor-version":[{"id":2990,"href":"https:\/\/xn--kemenesmagasiltalnosiskola-hfce.hu\/index.php\/wp-json\/wp\/v2\/pages\/1487\/revisions\/2990"}],"wp:attachment":[{"href":"https:\/\/xn--kemenesmagasiltalnosiskola-hfce.hu\/index.php\/wp-json\/wp\/v2\/media?parent=1487"}],"curies":[{"name":"wp","href":"https:\/\/api.w.org\/{rel}","templated":true}]}}