{"id":141,"date":"2021-09-23T13:17:57","date_gmt":"2021-09-23T13:17:57","guid":{"rendered":"https:\/\/xn--kemenesmagasiltalnosiskola-hfce.hu\/?page_id=141"},"modified":"2023-09-08T12:37:44","modified_gmt":"2023-09-08T12:37:44","slug":"6-osztaly-2","status":"publish","type":"page","link":"https:\/\/xn--kemenesmagasiltalnosiskola-hfce.hu\/index.php\/6-osztaly-2\/","title":{"rendered":"8. oszt\u00e1ly"},"content":{"rendered":"<h5 style=\"text-align: center;\"><span style=\"color: #008000;\">Oszt\u00e1lyf\u0151n\u00f6k: Hal\u00e1sz Ferenc<\/span><\/h5>\n<h5 style=\"text-align: center;\"><span style=\"color: #008000;\">Napk\u00f6zis csoportvezet\u0151: Palotai L\u00e1szl\u00f3<\/span><\/h5>\n<h5 class=\"col-xs-4 studentNameDiv\" style=\"text-align: center;\"><label data-id=\"186981\">B\u00edr\u00f3 Hanna<\/label><\/h5>\n<h5 class=\"col-xs-4 studentNameDiv\" style=\"text-align: center;\"><label data-id=\"186982\">Bok\u00e1nyi S\u00e1ra<\/label><\/h5>\n<h5 class=\"col-xs-4 studentNameDiv\" style=\"text-align: center;\"><label data-id=\"186983\">Fodor Bianka<\/label><\/h5>\n<h5 class=\"col-xs-4 studentNameDiv\" style=\"text-align: center;\"><label data-id=\"186984\">Gajder Vikt\u00f3ria<\/label><\/h5>\n<h5 class=\"col-xs-4 studentNameDiv\" style=\"text-align: center;\"><label data-id=\"186986\">Gondi \u00c1ron G\u00e1bor<\/label><\/h5>\n<h5 class=\"col-xs-4 studentNameDiv\" style=\"text-align: center;\"><label data-id=\"186987\">Gudui D\u00e1niel<\/label><\/h5>\n<h5 class=\"col-xs-4 studentNameDiv\" style=\"text-align: center;\"><label data-id=\"186988\">Gyalogh Dalma<\/label><\/h5>\n<h5 class=\"col-xs-4 studentNameDiv\" style=\"text-align: center;\"><label data-id=\"186989\">Gyurom Nikolett<\/label><\/h5>\n<h5 class=\"col-xs-4 studentNameDiv\" style=\"text-align: center;\"><label data-id=\"186989\">Horv\u00e1th Dominik<\/label><\/h5>\n<h5 class=\"col-xs-4 studentNameDiv\" style=\"text-align: center;\"><label data-id=\"186990\">Horv\u00e1th Ott\u00f3<\/label><\/h5>\n<h5 class=\"col-xs-4 studentNameDiv\" style=\"text-align: center;\"><label data-id=\"186991\">Kiss M\u00e1t\u00e9<\/label><\/h5>\n<h5 class=\"col-xs-4 studentNameDiv\" style=\"text-align: center;\"><label data-id=\"186992\">Kutasi Gerg\u0151<\/label><\/h5>\n<h5 class=\"col-xs-4 studentNameDiv\" style=\"text-align: center;\"><label data-id=\"193472\">N\u00e9meth Angelika Zo\u00e9<\/label><\/h5>\n<h5 class=\"col-xs-4 studentNameDiv\" style=\"text-align: center;\"><label data-id=\"186993\">Paralla Barbara<\/label><\/h5>\n<h5 class=\"col-xs-4 studentNameDiv\" style=\"text-align: center;\"><label data-id=\"186994\">Pirka Krist\u00f3f<\/label><\/h5>\n<h5 class=\"col-xs-4 studentNameDiv\" style=\"text-align: center;\"><label data-id=\"186995\">P\u00f3s\u00e1n Reyes Andrea<\/label><\/h5>\n<h5 class=\"col-xs-4 studentNameDiv\" style=\"text-align: center;\"><label data-id=\"186996\">Rozm\u00e1n \u00c1kos<\/label><\/h5>\n<h5 style=\"text-align: center;\">Szabados \u00c1rmin<\/h5>\n","protected":false},"excerpt":{"rendered":"<p>Oszt\u00e1lyf\u0151n\u00f6k: Hal\u00e1sz Ferenc Napk\u00f6zis csoportvezet\u0151: Palotai L\u00e1szl\u00f3 B\u00edr\u00f3 Hanna Bok\u00e1nyi S\u00e1ra Fodor Bianka Gajder Vikt\u00f3ria Gondi \u00c1ron G\u00e1bor Gudui D\u00e1niel Gyalogh Dalma Gyurom Nikolett Horv\u00e1th Dominik Horv\u00e1th Ott\u00f3 Kiss M\u00e1t\u00e9 Kutasi Gerg\u0151 N\u00e9meth Angelika Zo\u00e9 Paralla Barbara Pirka Krist\u00f3f P\u00f3s\u00e1n Reyes Andrea Rozm\u00e1n \u00c1kos Szabados \u00c1rmin<\/p>\n","protected":false},"author":1,"featured_media":0,"parent":0,"menu_order":0,"comment_status":"closed","ping_status":"closed","template":"","meta":{"ngg_post_thumbnail":0,"footnotes":""},"class_list":["post-141","page","type-page","status-publish","hentry"],"_links":{"self":[{"href":"https:\/\/xn--kemenesmagasiltalnosiskola-hfce.hu\/index.php\/wp-json\/wp\/v2\/pages\/141","targetHints":{"allow":["GET"]}}],"collection":[{"href":"https:\/\/xn--kemenesmagasiltalnosiskola-hfce.hu\/index.php\/wp-json\/wp\/v2\/pages"}],"about":[{"href":"https:\/\/xn--kemenesmagasiltalnosiskola-hfce.hu\/index.php\/wp-json\/wp\/v2\/types\/page"}],"author":[{"embeddable":true,"href":"https:\/\/xn--kemenesmagasiltalnosiskola-hfce.hu\/index.php\/wp-json\/wp\/v2\/users\/1"}],"replies":[{"embeddable":true,"href":"https:\/\/xn--kemenesmagasiltalnosiskola-hfce.hu\/index.php\/wp-json\/wp\/v2\/comments?post=141"}],"version-history":[{"count":8,"href":"https:\/\/xn--kemenesmagasiltalnosiskola-hfce.hu\/index.php\/wp-json\/wp\/v2\/pages\/141\/revisions"}],"predecessor-version":[{"id":1913,"href":"https:\/\/xn--kemenesmagasiltalnosiskola-hfce.hu\/index.php\/wp-json\/wp\/v2\/pages\/141\/revisions\/1913"}],"wp:attachment":[{"href":"https:\/\/xn--kemenesmagasiltalnosiskola-hfce.hu\/index.php\/wp-json\/wp\/v2\/media?parent=141"}],"curies":[{"name":"wp","href":"https:\/\/api.w.org\/{rel}","templated":true}]}}