{"id":139,"date":"2021-09-23T13:17:56","date_gmt":"2021-09-23T13:17:56","guid":{"rendered":"https:\/\/xn--kemenesmagasiltalnosiskola-hfce.hu\/?page_id=139"},"modified":"2025-09-23T16:17:28","modified_gmt":"2025-09-23T16:17:28","slug":"2-osztaly","status":"publish","type":"page","link":"https:\/\/xn--kemenesmagasiltalnosiskola-hfce.hu\/index.php\/2-osztaly\/","title":{"rendered":"6. oszt\u00e1ly"},"content":{"rendered":"<h5 style=\"text-align: center;\"><span style=\"color: #008000;\">Oszt\u00e1lyf\u0151n\u00f6k: Cs\u00e1sz\u00e1rn\u00e9 Szalai Andrea<\/span><\/h5>\n<h5 style=\"text-align: center;\"><span style=\"color: #008000;\">Napk\u00f6zis csoportvezet\u0151: Vincz\u00e9n\u00e9 Sz\u00e9lesi Anik\u00f3<\/span><\/h5>\n<h5 style=\"text-align: center;\">Kocsi Gyula<br \/>\nKov\u00e1cs Szofi<br \/>\n\u00d3dor \u00c1d\u00e1m<br \/>\nSzak\u00e1ly Luca<\/h5>\n<h5 style=\"text-align: center;\">Szalai Benj\u00e1min<br \/>\nTompa Mil\u00e1n<br \/>\nT\u00f3th Dominika<br \/>\nVarga Csongor<br \/>\nVincze Evelin<br \/>\nVincze R\u00e9ka<\/h5>\n","protected":false},"excerpt":{"rendered":"<p>Oszt\u00e1lyf\u0151n\u00f6k: Cs\u00e1sz\u00e1rn\u00e9 Szalai Andrea Napk\u00f6zis csoportvezet\u0151: Vincz\u00e9n\u00e9 Sz\u00e9lesi Anik\u00f3 Kocsi Gyula Kov\u00e1cs Szofi \u00d3dor \u00c1d\u00e1m Szak\u00e1ly Luca Szalai Benj\u00e1min Tompa Mil\u00e1n T\u00f3th Dominika Varga Csongor Vincze Evelin Vincze R\u00e9ka<\/p>\n","protected":false},"author":1,"featured_media":0,"parent":0,"menu_order":0,"comment_status":"closed","ping_status":"closed","template":"","meta":{"ngg_post_thumbnail":0,"footnotes":""},"class_list":["post-139","page","type-page","status-publish","hentry"],"_links":{"self":[{"href":"https:\/\/xn--kemenesmagasiltalnosiskola-hfce.hu\/index.php\/wp-json\/wp\/v2\/pages\/139","targetHints":{"allow":["GET"]}}],"collection":[{"href":"https:\/\/xn--kemenesmagasiltalnosiskola-hfce.hu\/index.php\/wp-json\/wp\/v2\/pages"}],"about":[{"href":"https:\/\/xn--kemenesmagasiltalnosiskola-hfce.hu\/index.php\/wp-json\/wp\/v2\/types\/page"}],"author":[{"embeddable":true,"href":"https:\/\/xn--kemenesmagasiltalnosiskola-hfce.hu\/index.php\/wp-json\/wp\/v2\/users\/1"}],"replies":[{"embeddable":true,"href":"https:\/\/xn--kemenesmagasiltalnosiskola-hfce.hu\/index.php\/wp-json\/wp\/v2\/comments?post=139"}],"version-history":[{"count":10,"href":"https:\/\/xn--kemenesmagasiltalnosiskola-hfce.hu\/index.php\/wp-json\/wp\/v2\/pages\/139\/revisions"}],"predecessor-version":[{"id":2994,"href":"https:\/\/xn--kemenesmagasiltalnosiskola-hfce.hu\/index.php\/wp-json\/wp\/v2\/pages\/139\/revisions\/2994"}],"wp:attachment":[{"href":"https:\/\/xn--kemenesmagasiltalnosiskola-hfce.hu\/index.php\/wp-json\/wp\/v2\/media?parent=139"}],"curies":[{"name":"wp","href":"https:\/\/api.w.org\/{rel}","templated":true}]}}