{"id":1380,"date":"2022-05-02T12:35:23","date_gmt":"2022-05-02T12:35:23","guid":{"rendered":"https:\/\/xn--kemenesmagasiltalnosiskola-hfce.hu\/?page_id=1380"},"modified":"2022-05-02T12:41:35","modified_gmt":"2022-05-02T12:41:35","slug":"onertekeles","status":"publish","type":"page","link":"https:\/\/xn--kemenesmagasiltalnosiskola-hfce.hu\/index.php\/onertekeles\/","title":{"rendered":"\u00d6n\u00e9rt\u00e9kel\u00e9s"},"content":{"rendered":"<p><a href=\"https:\/\/xn--kemenesmagasiltalnosiskola-hfce.hu\/wp-content\/uploads\/2022\/05\/KAI-Onertekeles-elvarasrendszer.pdf\">K\u00c1I &#8211; \u00d6n\u00e9rt\u00e9kel\u00e9s &#8211; elv\u00e1r\u00e1srendszer<\/a><\/p>\n","protected":false},"excerpt":{"rendered":"<p>K\u00c1I &#8211; \u00d6n\u00e9rt\u00e9kel\u00e9s &#8211; elv\u00e1r\u00e1srendszer<\/p>\n","protected":false},"author":1,"featured_media":0,"parent":0,"menu_order":0,"comment_status":"closed","ping_status":"closed","template":"","meta":{"ngg_post_thumbnail":0,"footnotes":""},"class_list":["post-1380","page","type-page","status-publish","hentry"],"_links":{"self":[{"href":"https:\/\/xn--kemenesmagasiltalnosiskola-hfce.hu\/index.php\/wp-json\/wp\/v2\/pages\/1380","targetHints":{"allow":["GET"]}}],"collection":[{"href":"https:\/\/xn--kemenesmagasiltalnosiskola-hfce.hu\/index.php\/wp-json\/wp\/v2\/pages"}],"about":[{"href":"https:\/\/xn--kemenesmagasiltalnosiskola-hfce.hu\/index.php\/wp-json\/wp\/v2\/types\/page"}],"author":[{"embeddable":true,"href":"https:\/\/xn--kemenesmagasiltalnosiskola-hfce.hu\/index.php\/wp-json\/wp\/v2\/users\/1"}],"replies":[{"embeddable":true,"href":"https:\/\/xn--kemenesmagasiltalnosiskola-hfce.hu\/index.php\/wp-json\/wp\/v2\/comments?post=1380"}],"version-history":[{"count":3,"href":"https:\/\/xn--kemenesmagasiltalnosiskola-hfce.hu\/index.php\/wp-json\/wp\/v2\/pages\/1380\/revisions"}],"predecessor-version":[{"id":1386,"href":"https:\/\/xn--kemenesmagasiltalnosiskola-hfce.hu\/index.php\/wp-json\/wp\/v2\/pages\/1380\/revisions\/1386"}],"wp:attachment":[{"href":"https:\/\/xn--kemenesmagasiltalnosiskola-hfce.hu\/index.php\/wp-json\/wp\/v2\/media?parent=1380"}],"curies":[{"name":"wp","href":"https:\/\/api.w.org\/{rel}","templated":true}]}}