{"id":138,"date":"2021-09-23T13:17:56","date_gmt":"2021-09-23T13:17:56","guid":{"rendered":"https:\/\/xn--kemenesmagasiltalnosiskola-hfce.hu\/?page_id=138"},"modified":"2025-09-23T16:14:37","modified_gmt":"2025-09-23T16:14:37","slug":"1-osztaly","status":"publish","type":"page","link":"https:\/\/xn--kemenesmagasiltalnosiskola-hfce.hu\/index.php\/1-osztaly\/","title":{"rendered":"5. oszt\u00e1ly"},"content":{"rendered":"<h5 style=\"text-align: center;\"><span style=\"color: #008000;\">Oszt\u00e1lyf\u0151n\u00f6k: Kar\u00e1di Enik\u0151<\/span><\/h5>\n<h5 style=\"text-align: center;\"><span style=\"color: #008000;\">Napk\u00f6zis csoportvezet\u0151: Palotai L\u00e1szl\u00f3<\/span><\/h5>\n<h5 style=\"text-align: center;\"><strong>Antal Eliza Piroska<br \/>\nBoros R\u00e9ka<br \/>\nDeme Csaba D\u00e1niel<br \/>\nD\u00e9nes Zs\u00f3fia<\/strong><\/h5>\n<h5 style=\"text-align: center;\"><strong>G\u00f6llei Em\u00edlia<br \/>\nJordanits Lotti<br \/>\nJ\u00f3zsa Levente<br \/>\nJ\u00f3zsa Lilien<br \/>\nN\u00e9meth L\u00e9na<br \/>\n\u00d3dor Bogl\u00e1rka<br \/>\nR\u00e9vai Regina Erika<br \/>\nSolymos Hanna<br \/>\nT\u00f3th Dorina<br \/>\nTraxler Noel<\/strong><\/h5>\n<h5 style=\"text-align: center;\"><strong>Zolnai Laura<\/strong><\/h5>\n<h5 style=\"text-align: center;\">&nbsp;<\/h5>\n<p>&nbsp;<\/p>\n","protected":false},"excerpt":{"rendered":"<p>Oszt\u00e1lyf\u0151n\u00f6k: Kar\u00e1di Enik\u0151 Napk\u00f6zis csoportvezet\u0151: Palotai L\u00e1szl\u00f3 Antal Eliza Piroska Boros R\u00e9ka Deme Csaba D\u00e1niel D\u00e9nes Zs\u00f3fia G\u00f6llei Em\u00edlia Jordanits Lotti J\u00f3zsa Levente J\u00f3zsa Lilien N\u00e9meth L\u00e9na \u00d3dor Bogl\u00e1rka R\u00e9vai Regina Erika Solymos Hanna T\u00f3th Dorina Traxler Noel Zolnai Laura &nbsp; &nbsp;<\/p>\n","protected":false},"author":1,"featured_media":0,"parent":0,"menu_order":0,"comment_status":"closed","ping_status":"closed","template":"","meta":{"ngg_post_thumbnail":0,"footnotes":""},"class_list":["post-138","page","type-page","status-publish","hentry"],"_links":{"self":[{"href":"https:\/\/xn--kemenesmagasiltalnosiskola-hfce.hu\/index.php\/wp-json\/wp\/v2\/pages\/138","targetHints":{"allow":["GET"]}}],"collection":[{"href":"https:\/\/xn--kemenesmagasiltalnosiskola-hfce.hu\/index.php\/wp-json\/wp\/v2\/pages"}],"about":[{"href":"https:\/\/xn--kemenesmagasiltalnosiskola-hfce.hu\/index.php\/wp-json\/wp\/v2\/types\/page"}],"author":[{"embeddable":true,"href":"https:\/\/xn--kemenesmagasiltalnosiskola-hfce.hu\/index.php\/wp-json\/wp\/v2\/users\/1"}],"replies":[{"embeddable":true,"href":"https:\/\/xn--kemenesmagasiltalnosiskola-hfce.hu\/index.php\/wp-json\/wp\/v2\/comments?post=138"}],"version-history":[{"count":21,"href":"https:\/\/xn--kemenesmagasiltalnosiskola-hfce.hu\/index.php\/wp-json\/wp\/v2\/pages\/138\/revisions"}],"predecessor-version":[{"id":2992,"href":"https:\/\/xn--kemenesmagasiltalnosiskola-hfce.hu\/index.php\/wp-json\/wp\/v2\/pages\/138\/revisions\/2992"}],"wp:attachment":[{"href":"https:\/\/xn--kemenesmagasiltalnosiskola-hfce.hu\/index.php\/wp-json\/wp\/v2\/media?parent=138"}],"curies":[{"name":"wp","href":"https:\/\/api.w.org\/{rel}","templated":true}]}}