{"id":1340,"date":"2022-04-15T14:48:05","date_gmt":"2022-04-15T14:48:05","guid":{"rendered":"https:\/\/xn--kemenesmagasiltalnosiskola-hfce.hu\/?page_id=1340"},"modified":"2022-04-15T14:49:33","modified_gmt":"2022-04-15T14:49:33","slug":"beiratkozas","status":"publish","type":"page","link":"https:\/\/xn--kemenesmagasiltalnosiskola-hfce.hu\/index.php\/beiratkozas\/","title":{"rendered":"Beiratkoz\u00e1s"},"content":{"rendered":"<p>Klebelsberg K\u00f6zpont \u00e1ltal \u00f6ssze\u00e1ll\u00edtott, 2022\/2023-as tan\u00e9vre vonatkoz\u00f3 \u00e1ltal\u00e1nos iskolai beiratkoz\u00e1st t\u00e1mogat\u00f3, el\u0151zetes jelentkez\u00e9shez kapcsol\u00f3d\u00f3 sz\u00fcl\u0151i t\u00e1j\u00e9koztat\u00f3 seg\u00e9dlet:<\/p>\n<p><a href=\"https:\/\/xn--kemenesmagasiltalnosiskola-hfce.hu\/wp-content\/uploads\/2022\/04\/BAI_Szuloi-tajekoztato_2022.pdf\">B\u00c1I_Sz\u00fcl\u0151i t\u00e1j\u00e9koztat\u00f3_2022<\/a><\/p>\n","protected":false},"excerpt":{"rendered":"<p>Klebelsberg K\u00f6zpont \u00e1ltal \u00f6ssze\u00e1ll\u00edtott, 2022\/2023-as tan\u00e9vre vonatkoz\u00f3 \u00e1ltal\u00e1nos iskolai beiratkoz\u00e1st t\u00e1mogat\u00f3, el\u0151zetes jelentkez\u00e9shez kapcsol\u00f3d\u00f3 sz\u00fcl\u0151i t\u00e1j\u00e9koztat\u00f3 seg\u00e9dlet: B\u00c1I_Sz\u00fcl\u0151i t\u00e1j\u00e9koztat\u00f3_2022<\/p>\n","protected":false},"author":1,"featured_media":0,"parent":0,"menu_order":0,"comment_status":"closed","ping_status":"closed","template":"","meta":{"ngg_post_thumbnail":0,"footnotes":""},"class_list":["post-1340","page","type-page","status-publish","hentry"],"_links":{"self":[{"href":"https:\/\/xn--kemenesmagasiltalnosiskola-hfce.hu\/index.php\/wp-json\/wp\/v2\/pages\/1340","targetHints":{"allow":["GET"]}}],"collection":[{"href":"https:\/\/xn--kemenesmagasiltalnosiskola-hfce.hu\/index.php\/wp-json\/wp\/v2\/pages"}],"about":[{"href":"https:\/\/xn--kemenesmagasiltalnosiskola-hfce.hu\/index.php\/wp-json\/wp\/v2\/types\/page"}],"author":[{"embeddable":true,"href":"https:\/\/xn--kemenesmagasiltalnosiskola-hfce.hu\/index.php\/wp-json\/wp\/v2\/users\/1"}],"replies":[{"embeddable":true,"href":"https:\/\/xn--kemenesmagasiltalnosiskola-hfce.hu\/index.php\/wp-json\/wp\/v2\/comments?post=1340"}],"version-history":[{"count":3,"href":"https:\/\/xn--kemenesmagasiltalnosiskola-hfce.hu\/index.php\/wp-json\/wp\/v2\/pages\/1340\/revisions"}],"predecessor-version":[{"id":1345,"href":"https:\/\/xn--kemenesmagasiltalnosiskola-hfce.hu\/index.php\/wp-json\/wp\/v2\/pages\/1340\/revisions\/1345"}],"wp:attachment":[{"href":"https:\/\/xn--kemenesmagasiltalnosiskola-hfce.hu\/index.php\/wp-json\/wp\/v2\/media?parent=1340"}],"curies":[{"name":"wp","href":"https:\/\/api.w.org\/{rel}","templated":true}]}}