{"id":101,"date":"2021-09-23T13:02:36","date_gmt":"2021-09-23T13:02:36","guid":{"rendered":"https:\/\/xn--kemenesmagasiltalnosiskola-hfce.hu\/?page_id=101"},"modified":"2025-09-23T16:19:29","modified_gmt":"2025-09-23T16:19:29","slug":"4-osztaly","status":"publish","type":"page","link":"https:\/\/xn--kemenesmagasiltalnosiskola-hfce.hu\/index.php\/4-osztaly\/","title":{"rendered":"8. oszt\u00e1ly"},"content":{"rendered":"<h5 style=\"text-align: center;\"><span style=\"color: #008000;\">Oszt\u00e1lyf\u0151n\u00f6k: Vincz\u00e9n\u00e9 Sz\u00e9lesi Anik\u00f3<\/span><\/h5>\n<h5 style=\"text-align: center;\"><span style=\"color: #008000;\">Napk\u00f6zis csoportvezet\u0151: <\/span><span style=\"color: #008000;\">&nbsp;Vincz\u00e9n\u00e9 Sz\u00e9lesi Anik\u00f3<\/span><\/h5>\n<h4 style=\"text-align: center;\">B\u00e1lint Krist\u00f3f<\/h4>\n<h4 class=\"col-xs-4 studentNameDiv\" style=\"text-align: center;\"><label data-id=\"186953\">Baracskai Zs\u00f3fia<\/label><\/h4>\n<h4 class=\"col-xs-4 studentNameDiv\" style=\"text-align: center;\">Hajdu Szofi<\/h4>\n<h4 class=\"col-xs-4 studentNameDiv\" style=\"text-align: center;\">Horv\u00e1th Fruzsina<\/h4>\n<h4 style=\"text-align: center;\">Husz\u00e1r Kerubina<\/h4>\n<h4 class=\"col-xs-4 studentNameDiv\" style=\"text-align: center;\">J\u00f3zsa Izabella<\/h4>\n<h4 class=\"col-xs-4 studentNameDiv\" style=\"text-align: center;\">Kocsi Kamilla<\/h4>\n<h4 class=\"col-xs-4 studentNameDiv\" style=\"text-align: center;\">Kutasi Vivien<\/h4>\n<h4 class=\"col-xs-4 studentNameDiv\" style=\"text-align: center;\">M\u00e1y Gerg\u0151<\/h4>\n<h4 class=\"col-xs-4 studentNameDiv\" style=\"text-align: center;\"><strong>N\u00e9meth Al\u00edz Anita<\/strong><\/h4>\n<h4 style=\"text-align: center;\"><strong>N\u00e9meth Hanna<\/strong><\/h4>\n<h4 style=\"text-align: center;\"><strong>Sulyok Bianka<\/strong><\/h4>\n<div class=\"row\">\n<div class=\"col-xs-8 col-sm-8\">\n<h4 class=\"colorDiv\" title=\"2021.09.01. - \">&nbsp;<\/h4>\n<div class=\"whiteDiv\">&nbsp;<\/div>\n<\/div>\n<\/div>\n<div class=\"row\">&nbsp;<\/div>\n","protected":false},"excerpt":{"rendered":"<p>Oszt\u00e1lyf\u0151n\u00f6k: Vincz\u00e9n\u00e9 Sz\u00e9lesi Anik\u00f3 Napk\u00f6zis csoportvezet\u0151: &nbsp;Vincz\u00e9n\u00e9 Sz\u00e9lesi Anik\u00f3 B\u00e1lint Krist\u00f3f Baracskai Zs\u00f3fia Hajdu Szofi Horv\u00e1th Fruzsina Husz\u00e1r Kerubina J\u00f3zsa Izabella Kocsi Kamilla Kutasi Vivien M\u00e1y Gerg\u0151 N\u00e9meth Al\u00edz Anita N\u00e9meth Hanna Sulyok Bianka &nbsp; &nbsp; &nbsp;<\/p>\n","protected":false},"author":1,"featured_media":0,"parent":0,"menu_order":0,"comment_status":"closed","ping_status":"closed","template":"","meta":{"ngg_post_thumbnail":0,"footnotes":""},"class_list":["post-101","page","type-page","status-publish","hentry"],"_links":{"self":[{"href":"https:\/\/xn--kemenesmagasiltalnosiskola-hfce.hu\/index.php\/wp-json\/wp\/v2\/pages\/101","targetHints":{"allow":["GET"]}}],"collection":[{"href":"https:\/\/xn--kemenesmagasiltalnosiskola-hfce.hu\/index.php\/wp-json\/wp\/v2\/pages"}],"about":[{"href":"https:\/\/xn--kemenesmagasiltalnosiskola-hfce.hu\/index.php\/wp-json\/wp\/v2\/types\/page"}],"author":[{"embeddable":true,"href":"https:\/\/xn--kemenesmagasiltalnosiskola-hfce.hu\/index.php\/wp-json\/wp\/v2\/users\/1"}],"replies":[{"embeddable":true,"href":"https:\/\/xn--kemenesmagasiltalnosiskola-hfce.hu\/index.php\/wp-json\/wp\/v2\/comments?post=101"}],"version-history":[{"count":10,"href":"https:\/\/xn--kemenesmagasiltalnosiskola-hfce.hu\/index.php\/wp-json\/wp\/v2\/pages\/101\/revisions"}],"predecessor-version":[{"id":2996,"href":"https:\/\/xn--kemenesmagasiltalnosiskola-hfce.hu\/index.php\/wp-json\/wp\/v2\/pages\/101\/revisions\/2996"}],"wp:attachment":[{"href":"https:\/\/xn--kemenesmagasiltalnosiskola-hfce.hu\/index.php\/wp-json\/wp\/v2\/media?parent=101"}],"curies":[{"name":"wp","href":"https:\/\/api.w.org\/{rel}","templated":true}]}}