{"id":100,"date":"2021-09-23T13:02:36","date_gmt":"2021-09-23T13:02:36","guid":{"rendered":"https:\/\/xn--kemenesmagasiltalnosiskola-hfce.hu\/?page_id=100"},"modified":"2025-09-23T16:18:02","modified_gmt":"2025-09-23T16:18:02","slug":"3-osztaly","status":"publish","type":"page","link":"https:\/\/xn--kemenesmagasiltalnosiskola-hfce.hu\/index.php\/3-osztaly\/","title":{"rendered":"7. oszt\u00e1ly"},"content":{"rendered":"<h5 style=\"text-align: center;\"><span style=\"color: #008000;\">Oszt\u00e1lyf\u0151n\u00f6k: Nagy L\u00e1szl\u00f3<\/span><\/h5>\n<h5 style=\"text-align: center;\"><span style=\"color: #008000;\">Napk\u00f6zis csoportvezet\u0151: Vincz\u00e9n\u00e9 Sz\u00e9lesi Anik\u00f3<\/span><\/h5>\n<div>\n<h5 style=\"text-align: center;\">Boros M\u00e1rk<\/h5>\n<h5 style=\"text-align: center;\"><label data-id=\"186945\">Gyalogh D\u00e1vid <\/label><\/h5>\n<h5 style=\"text-align: center;\"><label data-id=\"186945\">Gyalogh Hanna <\/label><\/h5>\n<h5 style=\"text-align: center;\"><label data-id=\"186945\">Gy\u00f6rgy Mikl\u00f3s <\/label><\/h5>\n<h5 style=\"text-align: center;\"><label data-id=\"186945\">Holdosi Em\u00edlia <\/label><\/h5>\n<h5 style=\"text-align: center;\"><label data-id=\"186945\">M\u00e1y Zs\u00f3fia <\/label><\/h5>\n<h5 style=\"text-align: center;\"><label data-id=\"186945\">M\u00f3rocz Elizabet<\/label><\/h5>\n<\/div>\n","protected":false},"excerpt":{"rendered":"<p>Oszt\u00e1lyf\u0151n\u00f6k: Nagy L\u00e1szl\u00f3 Napk\u00f6zis csoportvezet\u0151: Vincz\u00e9n\u00e9 Sz\u00e9lesi Anik\u00f3 Boros M\u00e1rk Gyalogh D\u00e1vid Gyalogh Hanna Gy\u00f6rgy Mikl\u00f3s Holdosi Em\u00edlia M\u00e1y Zs\u00f3fia M\u00f3rocz Elizabet<\/p>\n","protected":false},"author":1,"featured_media":0,"parent":0,"menu_order":0,"comment_status":"closed","ping_status":"closed","template":"","meta":{"ngg_post_thumbnail":0,"footnotes":""},"class_list":["post-100","page","type-page","status-publish","hentry"],"_links":{"self":[{"href":"https:\/\/xn--kemenesmagasiltalnosiskola-hfce.hu\/index.php\/wp-json\/wp\/v2\/pages\/100","targetHints":{"allow":["GET"]}}],"collection":[{"href":"https:\/\/xn--kemenesmagasiltalnosiskola-hfce.hu\/index.php\/wp-json\/wp\/v2\/pages"}],"about":[{"href":"https:\/\/xn--kemenesmagasiltalnosiskola-hfce.hu\/index.php\/wp-json\/wp\/v2\/types\/page"}],"author":[{"embeddable":true,"href":"https:\/\/xn--kemenesmagasiltalnosiskola-hfce.hu\/index.php\/wp-json\/wp\/v2\/users\/1"}],"replies":[{"embeddable":true,"href":"https:\/\/xn--kemenesmagasiltalnosiskola-hfce.hu\/index.php\/wp-json\/wp\/v2\/comments?post=100"}],"version-history":[{"count":12,"href":"https:\/\/xn--kemenesmagasiltalnosiskola-hfce.hu\/index.php\/wp-json\/wp\/v2\/pages\/100\/revisions"}],"predecessor-version":[{"id":2995,"href":"https:\/\/xn--kemenesmagasiltalnosiskola-hfce.hu\/index.php\/wp-json\/wp\/v2\/pages\/100\/revisions\/2995"}],"wp:attachment":[{"href":"https:\/\/xn--kemenesmagasiltalnosiskola-hfce.hu\/index.php\/wp-json\/wp\/v2\/media?parent=100"}],"curies":[{"name":"wp","href":"https:\/\/api.w.org\/{rel}","templated":true}]}}